{"id":10,"date":"2025-11-26T01:07:11","date_gmt":"2025-11-26T00:07:11","guid":{"rendered":"http:\/\/localhost:8888\/wymber-dynamoque\/?page_id=10"},"modified":"2026-01-22T15:45:01","modified_gmt":"2026-01-22T14:45:01","slug":"a-propos","status":"publish","type":"page","link":"https:\/\/wymber.fr\/index.php\/a-propos\/","title":{"rendered":"\u00c0 Propos"},"content":{"rendered":"\t\t<div data-elementor-type=\"wp-page\" data-elementor-id=\"10\" class=\"elementor elementor-10\">\n\t\t\t\t<div class=\"elementor-element elementor-element-fe1acc9 section__display e-flex e-con-boxed e-con e-parent\" data-id=\"fe1acc9\" data-element_type=\"container\">\n\t\t\t\t\t<div class=\"e-con-inner\">\n\t\t<div class=\"elementor-element elementor-element-b68764e e-grid e-con-full section__display__container e-con e-child\" data-id=\"b68764e\" data-element_type=\"container\">\n\t\t\t\t<div class=\"elementor-element elementor-element-a8a9ab0 elementor-widget elementor-widget-image\" data-id=\"a8a9ab0\" data-element_type=\"widget\" data-widget_type=\"image.default\">\n\t\t\t\t\t\t\t\t\t\t\t\t\t\t\t<img fetchpriority=\"high\" decoding=\"async\" width=\"1024\" height=\"683\" src=\"https:\/\/wymber.fr\/wp-content\/uploads\/2025\/12\/ChatGPT-Image-21-dec.-2025-19_28_08-1024x683.png\" class=\"attachment-large size-large wp-image-638\" alt=\"\" srcset=\"https:\/\/wymber.fr\/wp-content\/uploads\/2025\/12\/ChatGPT-Image-21-dec.-2025-19_28_08-1024x683.png 1024w, https:\/\/wymber.fr\/wp-content\/uploads\/2025\/12\/ChatGPT-Image-21-dec.-2025-19_28_08-300x200.png 300w, https:\/\/wymber.fr\/wp-content\/uploads\/2025\/12\/ChatGPT-Image-21-dec.-2025-19_28_08-768x512.png 768w, https:\/\/wymber.fr\/wp-content\/uploads\/2025\/12\/ChatGPT-Image-21-dec.-2025-19_28_08.png 1536w\" sizes=\"(max-width: 1024px) 100vw, 1024px\" \/>\t\t\t\t\t\t\t\t\t\t\t\t\t\t\t<\/div>\n\t\t<div class=\"elementor-element elementor-element-a5ea5d7 e-con-full section__display__column section__display__content e-flex e-con e-child\" data-id=\"a5ea5d7\" data-element_type=\"container\">\n\t\t\t\t<div class=\"elementor-element elementor-element-ee27765 elementor-widget elementor-widget-heading\" data-id=\"ee27765\" data-element_type=\"widget\" data-widget_type=\"heading.default\">\n\t\t\t\t\t<h4 class=\"elementor-heading-title elementor-size-default\">\u00c0 Propos<\/h4>\t\t\t\t<\/div>\n\t\t\t\t<div class=\"elementor-element elementor-element-a8992ec elementor-widget elementor-widget-text-editor\" data-id=\"a8992ec\" data-element_type=\"widget\" data-widget_type=\"text-editor.default\">\n\t\t\t\t\t\t\t\t\t<p>Chez <strong><b>Wymber<\/b><\/strong>, nous connectons les experts IT et les organisations ambitieuses qui souhaitent transformer leur paysage digital.<br \/>Nous sommes plus qu\u2019un cabinet de staffing : un partenaire engag\u00e9 dans la r\u00e9ussite des projets technologiques, du recrutement \u00e0 la mont\u00e9e en comp\u00e9tences.<\/p><p>Notre mission est simple : rendre l\u2019acc\u00e8s au talent et \u00e0 l\u2019expertise plus fluide, transparent et humain.<br \/>Qu\u2019il s\u2019agisse de renforcer une \u00e9quipe, externaliser un projet, ou acc\u00e9l\u00e9rer une transformation digitale, nous mettons \u00e0 disposition un r\u00e9seau d\u2019experts : d\u00e9veloppeurs, product owners, data engineers, consultants cloud, QA\u2026<\/p><p>Notre conviction : <strong><b>le succ\u00e8s des entreprises passe par des talents heureux, accompagn\u00e9s et reconnus.<\/b><\/strong><\/p>\t\t\t\t\t\t\t\t<\/div>\n\t\t\t\t<\/div>\n\t\t\t\t<\/div>\n\t\t\t\t\t<\/div>\n\t\t\t\t<\/div>\n\t\t<div class=\"elementor-element elementor-element-a7d9851 values-section e-flex e-con-boxed e-con e-parent\" data-id=\"a7d9851\" data-element_type=\"container\" data-settings=\"{&quot;background_background&quot;:&quot;classic&quot;}\">\n\t\t\t\t\t<div class=\"e-con-inner\">\n\t\t<div class=\"elementor-element elementor-element-8691f69 e-grid e-con-full e-con e-child\" data-id=\"8691f69\" data-element_type=\"container\">\n\t\t<div class=\"elementor-element elementor-element-2bccf5c e-con-full nos-valeurs-text e-flex e-con e-child\" data-id=\"2bccf5c\" data-element_type=\"container\">\n\t\t\t\t<div class=\"elementor-element elementor-element-5ed698f values-badge elementor-widget elementor-widget-heading\" data-id=\"5ed698f\" data-element_type=\"widget\" data-widget_type=\"heading.default\">\n\t\t\t\t\t<h4 class=\"elementor-heading-title elementor-size-default\">Nos Fondations<\/h4>\t\t\t\t<\/div>\n\t\t\t\t<div class=\"elementor-element elementor-element-e8f22c6 text-4xl md:text-5xl font-light text-gray-900 mb-10 leading-tight elementor-widget elementor-widget-heading\" data-id=\"e8f22c6\" data-element_type=\"widget\" data-widget_type=\"heading.default\">\n\t\t\t\t\t<h2 class=\"elementor-heading-title elementor-size-default\">Des valeurs qui <span class=\"text-blue-500 font-normal italic\">nous d\u00e9finissent<\/span><\/h2>\t\t\t\t<\/div>\n\t\t<div class=\"elementor-element elementor-element-653103b e-grid e-con-full e-con e-child\" data-id=\"653103b\" data-element_type=\"container\">\n\t\t<div class=\"elementor-element elementor-element-e97e913 e-con-full value-item group flex flex-col gap-2 e-flex e-con e-child\" data-id=\"e97e913\" data-element_type=\"container\">\n\t\t\t\t<div class=\"elementor-element elementor-element-0db8f7c value-item-icon elementor-view-default elementor-widget elementor-widget-icon\" data-id=\"0db8f7c\" data-element_type=\"widget\" data-widget_type=\"icon.default\">\n\t\t\t\t\t\t\t<div class=\"elementor-icon-wrapper\">\n\t\t\t<div class=\"elementor-icon\">\n\t\t\t<svg aria-hidden=\"true\" class=\"e-font-icon-svg e-fas-rocket\" viewBox=\"0 0 512 512\" xmlns=\"http:\/\/www.w3.org\/2000\/svg\"><path d=\"M505.12019,19.09375c-1.18945-5.53125-6.65819-11-12.207-12.1875C460.716,0,435.507,0,410.40747,0,307.17523,0,245.26909,55.20312,199.05238,128H94.83772c-16.34763.01562-35.55658,11.875-42.88664,26.48438L2.51562,253.29688A28.4,28.4,0,0,0,0,264a24.00867,24.00867,0,0,0,24.00582,24H127.81618l-22.47457,22.46875c-11.36521,11.36133-12.99607,32.25781,0,45.25L156.24582,406.625c11.15623,11.1875,32.15619,13.15625,45.27726,0l22.47457-22.46875V488a24.00867,24.00867,0,0,0,24.00581,24,28.55934,28.55934,0,0,0,10.707-2.51562l98.72834-49.39063c14.62888-7.29687,26.50776-26.5,26.50776-42.85937V312.79688c72.59753-46.3125,128.03493-108.40626,128.03493-211.09376C512.07526,76.5,512.07526,51.29688,505.12019,19.09375ZM384.04033,168A40,40,0,1,1,424.05,128,40.02322,40.02322,0,0,1,384.04033,168Z\"><\/path><\/svg>\t\t\t<\/div>\n\t\t<\/div>\n\t\t\t\t\t\t<\/div>\n\t\t\t\t<div class=\"elementor-element elementor-element-108c70b text-lg font-bold text-gray-900 mb-2 elementor-widget elementor-widget-heading\" data-id=\"108c70b\" data-element_type=\"widget\" data-widget_type=\"heading.default\">\n\t\t\t\t\t<h3 class=\"elementor-heading-title elementor-size-default\">Excellence<\/h3>\t\t\t\t<\/div>\n\t\t\t\t<div class=\"elementor-element elementor-element-731ea20 elementor-widget elementor-widget-text-editor\" data-id=\"731ea20\" data-element_type=\"widget\" data-widget_type=\"text-editor.default\">\n\t\t\t\t\t\t\t\t\t<p>Nous s\u00e9lectionnons et accompagnons des experts certifi\u00e9s et passionn\u00e9s. Nos standards reposent sur la qualit\u00e9 et l\u2019am\u00e9lioration continue.<\/p>\t\t\t\t\t\t\t\t<\/div>\n\t\t\t\t<\/div>\n\t\t<div class=\"elementor-element elementor-element-aad3c7c e-con-full value-item group flex flex-col gap-2 e-flex e-con e-child\" data-id=\"aad3c7c\" data-element_type=\"container\">\n\t\t\t\t<div class=\"elementor-element elementor-element-50a4874 value-item-icon elementor-view-default elementor-widget elementor-widget-icon\" data-id=\"50a4874\" data-element_type=\"widget\" data-widget_type=\"icon.default\">\n\t\t\t\t\t\t\t<div class=\"elementor-icon-wrapper\">\n\t\t\t<div class=\"elementor-icon\">\n\t\t\t<svg aria-hidden=\"true\" class=\"e-font-icon-svg e-fas-users\" viewBox=\"0 0 640 512\" xmlns=\"http:\/\/www.w3.org\/2000\/svg\"><path d=\"M96 224c35.3 0 64-28.7 64-64s-28.7-64-64-64-64 28.7-64 64 28.7 64 64 64zm448 0c35.3 0 64-28.7 64-64s-28.7-64-64-64-64 28.7-64 64 28.7 64 64 64zm32 32h-64c-17.6 0-33.5 7.1-45.1 18.6 40.3 22.1 68.9 62 75.1 109.4h66c17.7 0 32-14.3 32-32v-32c0-35.3-28.7-64-64-64zm-256 0c61.9 0 112-50.1 112-112S381.9 32 320 32 208 82.1 208 144s50.1 112 112 112zm76.8 32h-8.3c-20.8 10-43.9 16-68.5 16s-47.6-6-68.5-16h-8.3C179.6 288 128 339.6 128 403.2V432c0 26.5 21.5 48 48 48h288c26.5 0 48-21.5 48-48v-28.8c0-63.6-51.6-115.2-115.2-115.2zm-223.7-13.4C161.5 263.1 145.6 256 128 256H64c-35.3 0-64 28.7-64 64v32c0 17.7 14.3 32 32 32h65.9c6.3-47.4 34.9-87.3 75.2-109.4z\"><\/path><\/svg>\t\t\t<\/div>\n\t\t<\/div>\n\t\t\t\t\t\t<\/div>\n\t\t\t\t<div class=\"elementor-element elementor-element-5ec60d4 text-lg font-bold text-gray-900 mb-2 elementor-widget elementor-widget-heading\" data-id=\"5ec60d4\" data-element_type=\"widget\" data-widget_type=\"heading.default\">\n\t\t\t\t\t<h3 class=\"elementor-heading-title elementor-size-default\">Proximit\u00e9<\/h3>\t\t\t\t<\/div>\n\t\t\t\t<div class=\"elementor-element elementor-element-1d26642 elementor-widget elementor-widget-text-editor\" data-id=\"1d26642\" data-element_type=\"widget\" data-widget_type=\"text-editor.default\">\n\t\t\t\t\t\t\t\t\t<p>Nous valorisons la relation humaine. Candidats ou entreprises, vous b\u00e9n\u00e9ficiez d\u2019un interlocuteur d\u00e9di\u00e9 et d\u2019un suivi constant.<\/p>\t\t\t\t\t\t\t\t<\/div>\n\t\t\t\t<\/div>\n\t\t<div class=\"elementor-element elementor-element-1f54ca1 e-con-full value-item group flex flex-col gap-2 e-flex e-con e-child\" data-id=\"1f54ca1\" data-element_type=\"container\">\n\t\t\t\t<div class=\"elementor-element elementor-element-edc2949 value-item-icon elementor-view-default elementor-widget elementor-widget-icon\" data-id=\"edc2949\" data-element_type=\"widget\" data-widget_type=\"icon.default\">\n\t\t\t\t\t\t\t<div class=\"elementor-icon-wrapper\">\n\t\t\t<div class=\"elementor-icon\">\n\t\t\t<svg aria-hidden=\"true\" class=\"e-font-icon-svg e-far-lightbulb\" viewBox=\"0 0 352 512\" xmlns=\"http:\/\/www.w3.org\/2000\/svg\"><path d=\"M176 80c-52.94 0-96 43.06-96 96 0 8.84 7.16 16 16 16s16-7.16 16-16c0-35.3 28.72-64 64-64 8.84 0 16-7.16 16-16s-7.16-16-16-16zM96.06 459.17c0 3.15.93 6.22 2.68 8.84l24.51 36.84c2.97 4.46 7.97 7.14 13.32 7.14h78.85c5.36 0 10.36-2.68 13.32-7.14l24.51-36.84c1.74-2.62 2.67-5.7 2.68-8.84l.05-43.18H96.02l.04 43.18zM176 0C73.72 0 0 82.97 0 176c0 44.37 16.45 84.85 43.56 115.78 16.64 18.99 42.74 58.8 52.42 92.16v.06h48v-.12c-.01-4.77-.72-9.51-2.15-14.07-5.59-17.81-22.82-64.77-62.17-109.67-20.54-23.43-31.52-53.15-31.61-84.14-.2-73.64 59.67-128 127.95-128 70.58 0 128 57.42 128 128 0 30.97-11.24 60.85-31.65 84.14-39.11 44.61-56.42 91.47-62.1 109.46a47.507 47.507 0 0 0-2.22 14.3v.1h48v-.05c9.68-33.37 35.78-73.18 52.42-92.16C335.55 260.85 352 220.37 352 176 352 78.8 273.2 0 176 0z\"><\/path><\/svg>\t\t\t<\/div>\n\t\t<\/div>\n\t\t\t\t\t\t<\/div>\n\t\t\t\t<div class=\"elementor-element elementor-element-59b3bf5 text-lg font-bold text-gray-900 mb-2 elementor-widget elementor-widget-heading\" data-id=\"59b3bf5\" data-element_type=\"widget\" data-widget_type=\"heading.default\">\n\t\t\t\t\t<h3 class=\"elementor-heading-title elementor-size-default\">Innovation<\/h3>\t\t\t\t<\/div>\n\t\t\t\t<div class=\"elementor-element elementor-element-c97716f elementor-widget elementor-widget-text-editor\" data-id=\"c97716f\" data-element_type=\"widget\" data-widget_type=\"text-editor.default\">\n\t\t\t\t\t\t\t\t\t<p>Nous challengeons les pratiques du staffing. Nouveaux mod\u00e8les et technologies pour rester en phase avec le march\u00e9.<\/p>\t\t\t\t\t\t\t\t<\/div>\n\t\t\t\t<\/div>\n\t\t<div class=\"elementor-element elementor-element-f7f1eb7 e-con-full value-item group flex flex-col gap-2 e-flex e-con e-child\" data-id=\"f7f1eb7\" data-element_type=\"container\">\n\t\t\t\t<div class=\"elementor-element elementor-element-562d077 value-item-icon elementor-view-default elementor-widget elementor-widget-icon\" data-id=\"562d077\" data-element_type=\"widget\" data-widget_type=\"icon.default\">\n\t\t\t\t\t\t\t<div class=\"elementor-icon-wrapper\">\n\t\t\t<div class=\"elementor-icon\">\n\t\t\t<svg aria-hidden=\"true\" class=\"e-font-icon-svg e-fas-globe\" viewBox=\"0 0 496 512\" xmlns=\"http:\/\/www.w3.org\/2000\/svg\"><path d=\"M336.5 160C322 70.7 287.8 8 248 8s-74 62.7-88.5 152h177zM152 256c0 22.2 1.2 43.5 3.3 64h185.3c2.1-20.5 3.3-41.8 3.3-64s-1.2-43.5-3.3-64H155.3c-2.1 20.5-3.3 41.8-3.3 64zm324.7-96c-28.6-67.9-86.5-120.4-158-141.6 24.4 33.8 41.2 84.7 50 141.6h108zM177.2 18.4C105.8 39.6 47.8 92.1 19.3 160h108c8.7-56.9 25.5-107.8 49.9-141.6zM487.4 192H372.7c2.1 21 3.3 42.5 3.3 64s-1.2 43-3.3 64h114.6c5.5-20.5 8.6-41.8 8.6-64s-3.1-43.5-8.5-64zM120 256c0-21.5 1.2-43 3.3-64H8.6C3.2 212.5 0 233.8 0 256s3.2 43.5 8.6 64h114.6c-2-21-3.2-42.5-3.2-64zm39.5 96c14.5 89.3 48.7 152 88.5 152s74-62.7 88.5-152h-177zm159.3 141.6c71.4-21.2 129.4-73.7 158-141.6h-108c-8.8 56.9-25.6 107.8-50 141.6zM19.3 352c28.6 67.9 86.5 120.4 158 141.6-24.4-33.8-41.2-84.7-50-141.6h-108z\"><\/path><\/svg>\t\t\t<\/div>\n\t\t<\/div>\n\t\t\t\t\t\t<\/div>\n\t\t\t\t<div class=\"elementor-element elementor-element-c03eb6c text-lg font-bold text-gray-900 mb-2 elementor-widget elementor-widget-heading\" data-id=\"c03eb6c\" data-element_type=\"widget\" data-widget_type=\"heading.default\">\n\t\t\t\t\t<h3 class=\"elementor-heading-title elementor-size-default\">Engagement<\/h3>\t\t\t\t<\/div>\n\t\t\t\t<div class=\"elementor-element elementor-element-f2304ec elementor-widget elementor-widget-text-editor\" data-id=\"f2304ec\" data-element_type=\"widget\" data-widget_type=\"text-editor.default\">\n\t\t\t\t\t\t\t\t\t<p>Nous croyons en un num\u00e9rique durable et \u00e9thique. Diversit\u00e9 et transparence guident notre quotidien.<\/p>\t\t\t\t\t\t\t\t<\/div>\n\t\t\t\t<\/div>\n\t\t\t\t<\/div>\n\t\t\t\t<\/div>\n\t\t\t\t<div class=\"elementor-element elementor-element-323a0bf values-image-container elementor-widget elementor-widget-image\" data-id=\"323a0bf\" data-element_type=\"widget\" data-widget_type=\"image.default\">\n\t\t\t\t\t\t\t\t\t\t\t\t\t\t\t<img decoding=\"async\" width=\"1024\" height=\"683\" src=\"https:\/\/wymber.fr\/wp-content\/uploads\/2025\/12\/photo-1522202176988-66273c2fd55f-1024x683.jpeg\" class=\"attachment-large size-large wp-image-556\" alt=\"\" srcset=\"https:\/\/wymber.fr\/wp-content\/uploads\/2025\/12\/photo-1522202176988-66273c2fd55f-1024x683.jpeg 1024w, https:\/\/wymber.fr\/wp-content\/uploads\/2025\/12\/photo-1522202176988-66273c2fd55f-300x200.jpeg 300w, https:\/\/wymber.fr\/wp-content\/uploads\/2025\/12\/photo-1522202176988-66273c2fd55f-768x512.jpeg 768w, https:\/\/wymber.fr\/wp-content\/uploads\/2025\/12\/photo-1522202176988-66273c2fd55f.jpeg 1200w\" sizes=\"(max-width: 1024px) 100vw, 1024px\" \/>\t\t\t\t\t\t\t\t\t\t\t\t\t\t\t<\/div>\n\t\t\t\t<\/div>\n\t\t\t\t\t<\/div>\n\t\t\t\t<\/div>\n\t\t<div class=\"elementor-element elementor-element-2a2b038 work__with__us section__display e-flex e-con-boxed e-con e-parent\" data-id=\"2a2b038\" data-element_type=\"container\">\n\t\t\t\t\t<div class=\"e-con-inner\">\n\t\t\t\t<div class=\"elementor-element elementor-element-1fdbbe3 elementor-widget elementor-widget-heading\" data-id=\"1fdbbe3\" data-element_type=\"widget\" data-widget_type=\"heading.default\">\n\t\t\t\t\t<h4 class=\"elementor-heading-title elementor-size-default\"> Notre mission : des talents \u00e9panouis, des entreprises performantes<\/h4>\t\t\t\t<\/div>\n\t\t<div class=\"elementor-element elementor-element-b2dbac8 e-grid e-con-full section__display__container e-con e-child\" data-id=\"b2dbac8\" data-element_type=\"container\">\n\t\t<div class=\"elementor-element elementor-element-43864b3 e-con-full section__display__column cursor-pointe e-flex e-con e-child\" data-id=\"43864b3\" data-element_type=\"container\">\n\t\t\t\t<div class=\"elementor-element elementor-element-938ef11 work__us__img elementor-widget elementor-widget-image\" data-id=\"938ef11\" data-element_type=\"widget\" data-widget_type=\"image.default\">\n\t\t\t\t\t\t\t\t\t\t\t\t\t\t\t<img decoding=\"async\" width=\"1024\" height=\"683\" src=\"https:\/\/wymber.fr\/wp-content\/uploads\/2025\/12\/00549a73-3159-4496-a584-032ad7d27e31-1024x683.png\" class=\"attachment-large size-large wp-image-538\" alt=\"\" srcset=\"https:\/\/wymber.fr\/wp-content\/uploads\/2025\/12\/00549a73-3159-4496-a584-032ad7d27e31-1024x683.png 1024w, https:\/\/wymber.fr\/wp-content\/uploads\/2025\/12\/00549a73-3159-4496-a584-032ad7d27e31-300x200.png 300w, https:\/\/wymber.fr\/wp-content\/uploads\/2025\/12\/00549a73-3159-4496-a584-032ad7d27e31-768x512.png 768w, https:\/\/wymber.fr\/wp-content\/uploads\/2025\/12\/00549a73-3159-4496-a584-032ad7d27e31.png 1536w\" sizes=\"(max-width: 1024px) 100vw, 1024px\" \/>\t\t\t\t\t\t\t\t\t\t\t\t\t\t\t<\/div>\n\t\t<div class=\"elementor-element elementor-element-dfc927a e-con-full work__us__content e-flex e-con e-child\" data-id=\"dfc927a\" data-element_type=\"container\">\n\t\t\t\t<div class=\"elementor-element elementor-element-aa83658 elementor-widget elementor-widget-heading\" data-id=\"aa83658\" data-element_type=\"widget\" data-widget_type=\"heading.default\">\n\t\t\t\t\t<h5 class=\"elementor-heading-title elementor-size-default\">Pour les candidats<\/h5>\t\t\t\t<\/div>\n\t\t\t\t<div class=\"elementor-element elementor-element-58a96c5 elementor-widget elementor-widget-text-editor\" data-id=\"58a96c5\" data-element_type=\"widget\" data-widget_type=\"text-editor.default\">\n\t\t\t\t\t\t\t\t\t<p>Nous pensons que votre carri\u00e8re m\u00e9rite mieux que des missions \u00e0 la cha\u00eene.<br \/>Chaque consultant est accompagn\u00e9 pour <strong><b>grandir<\/b><\/strong>, apprendre et choisir des projets porteurs de sens.<\/p><ul><li>Vous placer sur des missions coh\u00e9rentes avec vos ambitions<\/li><li>Vous proposer des formations adapt\u00e9es \u00e0 votre \u00e9volution<\/li><li>Vous offrir un suivi personnalis\u00e9, humain, et \u00e0 long terme<\/li><\/ul><p>\ud83d\udc49\u00a0Chez Wymber, vous n\u2019\u00eates pas un profil : vous \u00eates un talent, un parcours, un potentiel.<\/p>\t\t\t\t\t\t\t\t<\/div>\n\t\t\t\t<\/div>\n\t\t\t\t<\/div>\n\t\t<div class=\"elementor-element elementor-element-057b0e9 e-con-full section__display__column cursor-pointe e-flex e-con e-child\" data-id=\"057b0e9\" data-element_type=\"container\">\n\t\t\t\t<div class=\"elementor-element elementor-element-20c462b work__us__img elementor-widget elementor-widget-image\" data-id=\"20c462b\" data-element_type=\"widget\" data-widget_type=\"image.default\">\n\t\t\t\t\t\t\t\t\t\t\t\t\t\t\t<img loading=\"lazy\" decoding=\"async\" width=\"664\" height=\"439\" src=\"https:\/\/wymber.fr\/wp-content\/uploads\/2025\/11\/work-with-us.webp\" class=\"attachment-large size-large wp-image-260\" alt=\"\" srcset=\"https:\/\/wymber.fr\/wp-content\/uploads\/2025\/11\/work-with-us.webp 664w, https:\/\/wymber.fr\/wp-content\/uploads\/2025\/11\/work-with-us-300x198.webp 300w\" sizes=\"(max-width: 664px) 100vw, 664px\" \/>\t\t\t\t\t\t\t\t\t\t\t\t\t\t\t<\/div>\n\t\t<div class=\"elementor-element elementor-element-4e2131a e-con-full work__us__content e-flex e-con e-child\" data-id=\"4e2131a\" data-element_type=\"container\">\n\t\t\t\t<div class=\"elementor-element elementor-element-f71d052 elementor-widget elementor-widget-heading\" data-id=\"f71d052\" data-element_type=\"widget\" data-widget_type=\"heading.default\">\n\t\t\t\t\t<h5 class=\"elementor-heading-title elementor-size-default\">Pour les entreprises<\/h5>\t\t\t\t<\/div>\n\t\t\t\t<div class=\"elementor-element elementor-element-e22db33 elementor-widget elementor-widget-text-editor\" data-id=\"e22db33\" data-element_type=\"widget\" data-widget_type=\"text-editor.default\">\n\t\t\t\t\t\t\t\t\t<p>Nous ne vendons pas des CV. Nous construisons des <strong><b>\u00e9quipes performantes et p\u00e9rennes<\/b><\/strong>.<\/p><p>Notre engagement :<\/p><ul><li><b><\/b><strong><b>comprendre vos enjeux<\/b><\/strong>et votre \u00e9cosyst\u00e8me m\u00e9tier<\/li><li><b><\/b><strong><b>r\u00e9agir rapidement<\/b><\/strong>, avec des solutions sur-mesure<\/li><li>proposer des talents op\u00e9rationnels, fiables et align\u00e9s culturellement<\/li><li>accompagner jusqu\u2019\u00e0 la r\u00e9ussite du projet<\/li><\/ul><p>Notre objectif : s\u00e9curiser vos transformations et acc\u00e9l\u00e9rer vos projets\u2026 sereinement.<\/p>\t\t\t\t\t\t\t\t<\/div>\n\t\t\t\t<\/div>\n\t\t\t\t<\/div>\n\t\t\t\t<\/div>\n\t\t\t\t\t<\/div>\n\t\t\t\t<\/div>\n\t\t\t\t<\/div>\n\t\t","protected":false},"excerpt":{"rendered":"Chez Wymber, nous connectons les experts IT et les organisations ambitieuses qui souhaitent transformer leur paysage digital.\r\nNous sommes plus qu\u2019un cabinet de staffing : un partenaire engag\u00e9 dans la r\u00e9ussite des projets technologiques, du recrutement \u00e0 la mont\u00e9e en comp\u00e9tences.","protected":false},"author":1,"featured_media":0,"parent":0,"menu_order":0,"comment_status":"closed","ping_status":"closed","template":"","meta":[],"class_list":["post-10","page","type-page","status-publish","hentry"],"_links":{"self":[{"href":"https:\/\/wymber.fr\/index.php\/wp-json\/wp\/v2\/pages\/10","targetHints":{"allow":["GET"]}}],"collection":[{"href":"https:\/\/wymber.fr\/index.php\/wp-json\/wp\/v2\/pages"}],"about":[{"href":"https:\/\/wymber.fr\/index.php\/wp-json\/wp\/v2\/types\/page"}],"author":[{"embeddable":true,"href":"https:\/\/wymber.fr\/index.php\/wp-json\/wp\/v2\/users\/1"}],"replies":[{"embeddable":true,"href":"https:\/\/wymber.fr\/index.php\/wp-json\/wp\/v2\/comments?post=10"}],"version-history":[{"count":121,"href":"https:\/\/wymber.fr\/index.php\/wp-json\/wp\/v2\/pages\/10\/revisions"}],"predecessor-version":[{"id":723,"href":"https:\/\/wymber.fr\/index.php\/wp-json\/wp\/v2\/pages\/10\/revisions\/723"}],"wp:attachment":[{"href":"https:\/\/wymber.fr\/index.php\/wp-json\/wp\/v2\/media?parent=10"}],"curies":[{"name":"wp","href":"https:\/\/api.w.org\/{rel}","templated":true}]}}