{"id":706,"date":"2026-01-12T17:05:23","date_gmt":"2026-01-12T16:05:23","guid":{"rendered":"https:\/\/wymber.fr\/?page_id=706"},"modified":"2026-01-12T17:08:03","modified_gmt":"2026-01-12T16:08:03","slug":"recrutement","status":"publish","type":"page","link":"https:\/\/wymber.fr\/index.php\/recrutement\/","title":{"rendered":"Recrutement"},"content":{"rendered":"\t\t<div data-elementor-type=\"wp-page\" data-elementor-id=\"706\" class=\"elementor elementor-706\">\n\t\t\t\t<div class=\"elementor-element elementor-element-1d9b5ba apply__form__container contact__form__container e-flex e-con-boxed e-con e-parent\" data-id=\"1d9b5ba\" data-element_type=\"container\">\n\t\t\t\t\t<div class=\"e-con-inner\">\n\t\t<div class=\"elementor-element elementor-element-db15a09 e-grid e-con-full apply__form__rows e-con e-child\" data-id=\"db15a09\" data-element_type=\"container\">\n\t\t<div class=\"elementor-element elementor-element-098ffc7 e-con-full apply__form__column form__container e-flex e-con e-child\" data-id=\"098ffc7\" data-element_type=\"container\">\n\t\t\t\t<div class=\"elementor-element elementor-element-2d6a50f elementor-widget elementor-widget-heading\" data-id=\"2d6a50f\" data-element_type=\"widget\" data-widget_type=\"heading.default\">\n\t\t\t\t\t<h3 class=\"elementor-heading-title elementor-size-default\">Envoyez-nous un message<\/h3>\t\t\t\t<\/div>\n\t\t\t\t<div class=\"elementor-element elementor-element-60eb783 elementor-widget elementor-widget-shortcode\" data-id=\"60eb783\" data-element_type=\"widget\" data-widget_type=\"shortcode.default\">\n\t\t\t\t\t\t\t<div class=\"elementor-shortcode\">\n<div class=\"wpcf7 no-js\" id=\"wpcf7-f705-o1\" lang=\"fr-FR\" dir=\"ltr\" data-wpcf7-id=\"705\">\n<div class=\"screen-reader-response\"><p role=\"status\" aria-live=\"polite\" aria-atomic=\"true\"><\/p> <ul><\/ul><\/div>\n<form action=\"\/index.php\/wp-json\/wp\/v2\/pages\/706#wpcf7-f705-o1\" method=\"post\" class=\"wpcf7-form init\" aria-label=\"Formulaire de contact\" enctype=\"multipart\/form-data\" novalidate=\"novalidate\" data-status=\"init\">\n<fieldset class=\"hidden-fields-container\"><input type=\"hidden\" name=\"_wpcf7\" value=\"705\" \/><input type=\"hidden\" name=\"_wpcf7_version\" value=\"6.1.4\" \/><input type=\"hidden\" name=\"_wpcf7_locale\" value=\"fr_FR\" \/><input type=\"hidden\" name=\"_wpcf7_unit_tag\" value=\"wpcf7-f705-o1\" \/><input type=\"hidden\" name=\"_wpcf7_container_post\" value=\"0\" \/><input type=\"hidden\" name=\"_wpcf7_posted_data_hash\" value=\"\" \/>\n<\/fieldset>\n<div class=\"fields__group\">\n\t<div class=\"fields\">\n\t\t<p><label for=\"\">Pr\u00e9nom <span>*<\/span><\/label><br \/>\n<span class=\"wpcf7-form-control-wrap\" data-name=\"your-name\"><input size=\"40\" maxlength=\"400\" class=\"wpcf7-form-control wpcf7-text wpcf7-validates-as-required\" autocomplete=\"name\" aria-required=\"true\" aria-invalid=\"false\" value=\"\" type=\"text\" name=\"your-name\" \/><\/span>\n\t\t<\/p>\n\t<\/div>\n\t<div class=\"fields\">\n\t\t<p><label for=\"\">Nom <span>*<\/span><\/label><br \/>\n<span class=\"wpcf7-form-control-wrap\" data-name=\"last-name\"><input size=\"40\" maxlength=\"400\" class=\"wpcf7-form-control wpcf7-text wpcf7-validates-as-required\" autocomplete=\"last-name\" aria-required=\"true\" aria-invalid=\"false\" value=\"\" type=\"text\" name=\"last-name\" \/><\/span>\n\t\t<\/p>\n\t<\/div>\n<\/div>\n<div class=\"fields__group\">\n\t<div class=\"fields\">\n\t\t<p><label for=\"\">Email <span>*<\/span><\/label><br \/>\n<span class=\"wpcf7-form-control-wrap\" data-name=\"your-email\"><input size=\"40\" maxlength=\"400\" class=\"wpcf7-form-control wpcf7-email wpcf7-validates-as-required wpcf7-text wpcf7-validates-as-email\" autocomplete=\"email\" aria-required=\"true\" aria-invalid=\"false\" value=\"\" type=\"email\" name=\"your-email\" \/><\/span>\n\t\t<\/p>\n\t<\/div>\n\t<div class=\"fields\">\n\t\t<p><label for=\"\">T\u00e9l\u00e9phone <span>*<\/span><\/label><br \/>\n<span class=\"wpcf7-form-control-wrap\" data-name=\"phone\"><input size=\"40\" maxlength=\"400\" class=\"wpcf7-form-control wpcf7-tel wpcf7-validates-as-required wpcf7-text wpcf7-validates-as-tel\" aria-required=\"true\" aria-invalid=\"false\" value=\"\" type=\"tel\" name=\"phone\" \/><\/span>\n\t\t<\/p>\n\t<\/div>\n<\/div>\n<div class=\"fields margin__top\">\n\t<p><label for=\"\">Nom de l'entreprise<\/label><br \/>\n<span class=\"wpcf7-form-control-wrap\" data-name=\"company-name\"><input size=\"40\" maxlength=\"400\" class=\"wpcf7-form-control wpcf7-text\" aria-invalid=\"false\" placeholder=\"Company Name\" value=\"\" type=\"text\" name=\"company-name\" \/><\/span>\n\t<\/p>\n<\/div>\n<div class=\"fields margin__top\">\n\t<p><label for=\"\">Comment pouvons-nous vous aider ? *<\/label><br \/>\n<span class=\"wpcf7-form-control-wrap\" data-name=\"help-text\"><input size=\"40\" maxlength=\"400\" class=\"wpcf7-form-control wpcf7-text\" aria-invalid=\"false\" value=\"\" type=\"text\" name=\"help-text\" \/><\/span>\n\t<\/p>\n<\/div>\n<div class=\"fields margin__top\">\n\t<p><label for=\"\">CV<\/label><br \/>\n<span class=\"wpcf7-form-control-wrap\" data-name=\"file-278\"><input size=\"40\" class=\"wpcf7-form-control wpcf7-file\" accept=\".pdf,.doc,.docx\" aria-invalid=\"false\" type=\"file\" name=\"file-278\" \/><\/span>\n\t<\/p>\n<\/div>\n<div class=\"fields margin__top\">\n\t<p><label for=\"\">Message<\/label><br \/>\n<span class=\"wpcf7-form-control-wrap\" data-name=\"message\"><textarea cols=\"40\" rows=\"10\" maxlength=\"2000\" minlength=\"5\" class=\"wpcf7-form-control wpcf7-textarea\" aria-invalid=\"false\" placeholder=\"Parlez-nous un peu plus de vos besoins...\" name=\"message\"><\/textarea><\/span>\n\t<\/p>\n<\/div>\n<div class=\"terms__wrap\">\n\t<div class=\"fields__checked\">\n\t\t<div class=\"checkbox__item\">\n\t\t\t<p><span class=\"wpcf7-form-control-wrap\" data-name=\"agree\"><span class=\"wpcf7-form-control wpcf7-checkbox wpcf7-validates-as-required\"><span class=\"wpcf7-list-item first last\"><label><input type=\"checkbox\" name=\"agree[]\" value=\"En soumettant ce formulaire, vous reconnaissez avoir lu et compris notre Politique de confidentialit\u00e9. Nous utiliserons vos donn\u00e9es pour r\u00e9pondre \u00e0 votre demande.\" \/><span class=\"wpcf7-list-item-label\">En soumettant ce formulaire, vous reconnaissez avoir lu et compris notre Politique de confidentialit\u00e9. Nous utiliserons vos donn\u00e9es pour r\u00e9pondre \u00e0 votre demande.<\/span><\/label><\/span><\/span><\/span>\n\t\t\t<\/p>\n\t\t<\/div>\n\t<\/div>\n<\/div>\n<div class=\"wrap__sbmt__btn\">\n\t<p><button type=\"submit\"> <span>Envoyer un message<\/span><i class=\"fas fa-solid fa-arrow-right\"><\/i><\/button>\n\t<\/p>\n<\/div><div class=\"wpcf7-response-output\" aria-hidden=\"true\"><\/div>\n<\/form>\n<\/div>\n<\/div>\n\t\t\t\t\t\t<\/div>\n\t\t\t\t<\/div>\n\t\t<div class=\"elementor-element elementor-element-c791239 e-con-full apply__form__column sidebar__right e-flex e-con e-child\" data-id=\"c791239\" data-element_type=\"container\">\n\t\t\t\t<div class=\"elementor-element elementor-element-58c5388 sidebar__right__container elementor-widget elementor-widget-text-editor\" data-id=\"58c5388\" data-element_type=\"widget\" data-widget_type=\"text-editor.default\">\n\t\t\t\t\t\t\t\t\t<div class=\"sidebar__right__container\">\n<div class=\"safe__container contact__info\">\n<div class=\"safe__rows\">\n<div>\n<h4>Contact Information<\/h4>\n<div class=\"item__flex\">\n<div class=\"icon__contact fa-solid fa-envelope\"><\/div>\n<div>\n\n<p>Renseignements g\u00e9n\u00e9raux<\/p>\n\n<a href=\"#\">nfo@wymber.fr<\/a>\n\n<\/div>\n<\/div>\n<div class=\"item__flex\">\n<div class=\"icon__contact fa-solid fa-phone\"><\/div>\n<div>\n\n<p>Appelez-nous<\/p>\n\n<a href=\"#\">+33 20 7000 0000<\/a>\n\n<\/div>\n<\/div>\n<div class=\"item__flex\">\n<div class=\"icon__contact fa-solid fa-location-dot\"><\/div>\n<div>\n\n<p>Adresse<\/p>\n\n<strong>75 King William Street,London, EC4N 7BE,United Kingdom<\/strong>\n\n<\/div>\n<\/div>\n<\/div>\n<\/div>\n<\/div>\n<\/div>\t\t\t\t\t\t\t\t<\/div>\n\t\t\t\t<\/div>\n\t\t\t\t<\/div>\n\t\t\t\t\t<\/div>\n\t\t\t\t<\/div>\n\t\t\t\t<\/div>\n\t\t","protected":false},"excerpt":{"rendered":"Que vous recherchiez le poste id\u00e9al ou le candidat parfait, nos consultants sp\u00e9cialis\u00e9s sont l\u00e0 pour vous accompagner. Contactez-nous d\u00e8s aujourd&rsquo;hui.","protected":false},"author":1,"featured_media":0,"parent":0,"menu_order":0,"comment_status":"closed","ping_status":"closed","template":"","meta":[],"class_list":["post-706","page","type-page","status-publish","hentry"],"_links":{"self":[{"href":"https:\/\/wymber.fr\/index.php\/wp-json\/wp\/v2\/pages\/706","targetHints":{"allow":["GET"]}}],"collection":[{"href":"https:\/\/wymber.fr\/index.php\/wp-json\/wp\/v2\/pages"}],"about":[{"href":"https:\/\/wymber.fr\/index.php\/wp-json\/wp\/v2\/types\/page"}],"author":[{"embeddable":true,"href":"https:\/\/wymber.fr\/index.php\/wp-json\/wp\/v2\/users\/1"}],"replies":[{"embeddable":true,"href":"https:\/\/wymber.fr\/index.php\/wp-json\/wp\/v2\/comments?post=706"}],"version-history":[{"count":5,"href":"https:\/\/wymber.fr\/index.php\/wp-json\/wp\/v2\/pages\/706\/revisions"}],"predecessor-version":[{"id":711,"href":"https:\/\/wymber.fr\/index.php\/wp-json\/wp\/v2\/pages\/706\/revisions\/711"}],"wp:attachment":[{"href":"https:\/\/wymber.fr\/index.php\/wp-json\/wp\/v2\/media?parent=706"}],"curies":[{"name":"wp","href":"https:\/\/api.w.org\/{rel}","templated":true}]}}