{"id":80,"date":"2025-11-27T22:06:22","date_gmt":"2025-11-27T21:06:22","guid":{"rendered":"http:\/\/localhost:8888\/wymber-dynamoque\/?page_id=80"},"modified":"2026-01-22T15:45:43","modified_gmt":"2026-01-22T14:45:43","slug":"nos-expertises","status":"publish","type":"page","link":"https:\/\/wymber.fr\/index.php\/nos-expertises\/","title":{"rendered":"Nos domaines d&rsquo;expertise en recrutement IT"},"content":{"rendered":"\t\t<div data-elementor-type=\"wp-page\" data-elementor-id=\"80\" class=\"elementor elementor-80\">\n\t\t\t\t<div class=\"elementor-element elementor-element-03bbb8c expertise section__display e-flex e-con-boxed e-con e-parent\" data-id=\"03bbb8c\" data-element_type=\"container\">\n\t\t\t\t\t<div class=\"e-con-inner\">\n\t\t<div class=\"elementor-element elementor-element-aba06e6 e-grid e-con-full display__grid thow__column component__grid__thow__column e-con e-child\" data-id=\"aba06e6\" data-element_type=\"container\">\n\t\t<div class=\"elementor-element elementor-element-24737e8 e-con-full e-flex e-con e-child\" data-id=\"24737e8\" data-element_type=\"container\">\n\t\t\t\t<div class=\"elementor-element elementor-element-b024093 item__display__img elementor-widget elementor-widget-image\" data-id=\"b024093\" data-element_type=\"widget\" data-widget_type=\"image.default\">\n\t\t\t\t\t\t\t\t\t\t\t\t\t\t\t<img fetchpriority=\"high\" decoding=\"async\" width=\"683\" height=\"1024\" src=\"https:\/\/wymber.fr\/wp-content\/uploads\/2025\/12\/pexels-photo-3861964-683x1024.jpg\" class=\"attachment-large size-large wp-image-492\" alt=\"\" srcset=\"https:\/\/wymber.fr\/wp-content\/uploads\/2025\/12\/pexels-photo-3861964-683x1024.jpg 683w, https:\/\/wymber.fr\/wp-content\/uploads\/2025\/12\/pexels-photo-3861964-200x300.jpg 200w, https:\/\/wymber.fr\/wp-content\/uploads\/2025\/12\/pexels-photo-3861964-768x1151.jpg 768w, https:\/\/wymber.fr\/wp-content\/uploads\/2025\/12\/pexels-photo-3861964.jpg 1000w\" sizes=\"(max-width: 683px) 100vw, 683px\" \/>\t\t\t\t\t\t\t\t\t\t\t\t\t\t\t<\/div>\n\t\t<div class=\"elementor-element elementor-element-f208b4f e-con-full item__display__content e-flex e-con e-child\" data-id=\"f208b4f\" data-element_type=\"container\">\n\t\t\t\t<div class=\"elementor-element elementor-element-11effbd elementor-widget elementor-widget-heading\" data-id=\"11effbd\" data-element_type=\"widget\" data-widget_type=\"heading.default\">\n\t\t\t\t\t<h4 class=\"elementor-heading-title elementor-size-default\">D\u00e9veloppement Web &amp; Mobile<\/h4>\t\t\t\t<\/div>\n\t\t\t\t<div class=\"elementor-element elementor-element-74e01b3 elementor-widget elementor-widget-text-editor\" data-id=\"74e01b3\" data-element_type=\"widget\" data-widget_type=\"text-editor.default\">\n\t\t\t\t\t\t\t\t\t<p>D\u00e9veloppement web &amp; mobile (React, Vue, Angular, Node, Java, Python, Swift, Kotlin) pour des applications robustes et s\u00e9curis\u00e9es.<\/p>\t\t\t\t\t\t\t\t<\/div>\n\t\t\t\t<\/div>\n\t\t\t\t<\/div>\n\t\t<div class=\"elementor-element elementor-element-e20c0c3 e-con-full e-flex e-con e-child\" data-id=\"e20c0c3\" data-element_type=\"container\">\n\t\t\t\t<div class=\"elementor-element elementor-element-042428e item__display__img elementor-widget elementor-widget-image\" data-id=\"042428e\" data-element_type=\"widget\" data-widget_type=\"image.default\">\n\t\t\t\t\t\t\t\t\t\t\t\t\t\t\t<img decoding=\"async\" width=\"684\" height=\"1024\" src=\"https:\/\/wymber.fr\/wp-content\/uploads\/2025\/12\/pexels-photo-1181673-684x1024.jpeg\" class=\"attachment-large size-large wp-image-518\" alt=\"\" srcset=\"https:\/\/wymber.fr\/wp-content\/uploads\/2025\/12\/pexels-photo-1181673-684x1024.jpeg 684w, https:\/\/wymber.fr\/wp-content\/uploads\/2025\/12\/pexels-photo-1181673-200x300.jpeg 200w, https:\/\/wymber.fr\/wp-content\/uploads\/2025\/12\/pexels-photo-1181673-768x1150.jpeg 768w, https:\/\/wymber.fr\/wp-content\/uploads\/2025\/12\/pexels-photo-1181673-1025x1536.jpeg 1025w, https:\/\/wymber.fr\/wp-content\/uploads\/2025\/12\/pexels-photo-1181673-1367x2048.jpeg 1367w, https:\/\/wymber.fr\/wp-content\/uploads\/2025\/12\/pexels-photo-1181673-scaled.jpeg 1709w\" sizes=\"(max-width: 684px) 100vw, 684px\" \/>\t\t\t\t\t\t\t\t\t\t\t\t\t\t\t<\/div>\n\t\t<div class=\"elementor-element elementor-element-188cef0 e-con-full item__display__content e-flex e-con e-child\" data-id=\"188cef0\" data-element_type=\"container\">\n\t\t\t\t<div class=\"elementor-element elementor-element-8042151 elementor-widget elementor-widget-heading\" data-id=\"8042151\" data-element_type=\"widget\" data-widget_type=\"heading.default\">\n\t\t\t\t\t<h4 class=\"elementor-heading-title elementor-size-default\">Cloud &amp; DevOps<\/h4>\t\t\t\t<\/div>\n\t\t\t\t<div class=\"elementor-element elementor-element-e093102 elementor-widget elementor-widget-text-editor\" data-id=\"e093102\" data-element_type=\"widget\" data-widget_type=\"text-editor.default\">\n\t\t\t\t\t\t\t\t\t<p>Experts AWS, Azure, GCP, CI\/CD, Kubernetes, Terraform pour optimiser performance, co\u00fbts et disponibilit\u00e9.<\/p>\t\t\t\t\t\t\t\t<\/div>\n\t\t\t\t<\/div>\n\t\t\t\t<\/div>\n\t\t<div class=\"elementor-element elementor-element-5be1870 e-con-full e-flex e-con e-child\" data-id=\"5be1870\" data-element_type=\"container\">\n\t\t\t\t<div class=\"elementor-element elementor-element-3b7f222 item__display__img elementor-widget elementor-widget-image\" data-id=\"3b7f222\" data-element_type=\"widget\" data-widget_type=\"image.default\">\n\t\t\t\t\t\t\t\t\t\t\t\t\t\t\t<img decoding=\"async\" width=\"1000\" height=\"667\" src=\"https:\/\/wymber.fr\/wp-content\/uploads\/2025\/12\/pexels-photo-3861958.jpg\" class=\"attachment-large size-large wp-image-519\" alt=\"\" srcset=\"https:\/\/wymber.fr\/wp-content\/uploads\/2025\/12\/pexels-photo-3861958.jpg 1000w, https:\/\/wymber.fr\/wp-content\/uploads\/2025\/12\/pexels-photo-3861958-300x200.jpg 300w, https:\/\/wymber.fr\/wp-content\/uploads\/2025\/12\/pexels-photo-3861958-768x512.jpg 768w\" sizes=\"(max-width: 1000px) 100vw, 1000px\" \/>\t\t\t\t\t\t\t\t\t\t\t\t\t\t\t<\/div>\n\t\t<div class=\"elementor-element elementor-element-5b5ca51 e-con-full item__display__content e-flex e-con e-child\" data-id=\"5b5ca51\" data-element_type=\"container\">\n\t\t\t\t<div class=\"elementor-element elementor-element-4d399db elementor-widget elementor-widget-heading\" data-id=\"4d399db\" data-element_type=\"widget\" data-widget_type=\"heading.default\">\n\t\t\t\t\t<h4 class=\"elementor-heading-title elementor-size-default\">QA &amp; Testing<\/h4>\t\t\t\t<\/div>\n\t\t\t\t<div class=\"elementor-element elementor-element-c38d97a elementor-widget elementor-widget-text-editor\" data-id=\"c38d97a\" data-element_type=\"widget\" data-widget_type=\"text-editor.default\">\n\t\t\t\t\t\t\t\t\t<p>QA automatique et manuel, SRE, Test managers et ing\u00e9nierie qualit\u00e9 pour fiabiliser vos livrables.<\/p>\t\t\t\t\t\t\t\t<\/div>\n\t\t\t\t<\/div>\n\t\t\t\t<\/div>\n\t\t<div class=\"elementor-element elementor-element-1e822c2 e-con-full e-flex e-con e-child\" data-id=\"1e822c2\" data-element_type=\"container\">\n\t\t\t\t<div class=\"elementor-element elementor-element-74d3e8b item__display__img elementor-widget elementor-widget-image\" data-id=\"74d3e8b\" data-element_type=\"widget\" data-widget_type=\"image.default\">\n\t\t\t\t\t\t\t\t\t\t\t\t\t\t\t<img loading=\"lazy\" decoding=\"async\" width=\"1024\" height=\"683\" src=\"https:\/\/wymber.fr\/wp-content\/uploads\/2025\/12\/pexels-photo-442150-1024x683.jpeg\" class=\"attachment-large size-large wp-image-520\" alt=\"\" srcset=\"https:\/\/wymber.fr\/wp-content\/uploads\/2025\/12\/pexels-photo-442150-1024x683.jpeg 1024w, https:\/\/wymber.fr\/wp-content\/uploads\/2025\/12\/pexels-photo-442150-300x200.jpeg 300w, https:\/\/wymber.fr\/wp-content\/uploads\/2025\/12\/pexels-photo-442150-768x512.jpeg 768w, https:\/\/wymber.fr\/wp-content\/uploads\/2025\/12\/pexels-photo-442150-1536x1024.jpeg 1536w, https:\/\/wymber.fr\/wp-content\/uploads\/2025\/12\/pexels-photo-442150-2048x1365.jpeg 2048w\" sizes=\"(max-width: 1024px) 100vw, 1024px\" \/>\t\t\t\t\t\t\t\t\t\t\t\t\t\t\t<\/div>\n\t\t<div class=\"elementor-element elementor-element-5466cf5 e-con-full item__display__content e-flex e-con e-child\" data-id=\"5466cf5\" data-element_type=\"container\">\n\t\t\t\t<div class=\"elementor-element elementor-element-a73248b elementor-widget elementor-widget-heading\" data-id=\"a73248b\" data-element_type=\"widget\" data-widget_type=\"heading.default\">\n\t\t\t\t\t<h4 class=\"elementor-heading-title elementor-size-default\">Infrastructure &amp; R\u00e9seaux<\/h4>\t\t\t\t<\/div>\n\t\t\t\t<div class=\"elementor-element elementor-element-ec9bb6f elementor-widget elementor-widget-text-editor\" data-id=\"ec9bb6f\" data-element_type=\"widget\" data-widget_type=\"text-editor.default\">\n\t\t\t\t\t\t\t\t\t<p>Ing\u00e9nieurs syst\u00e8mes et r\u00e9seaux pour garantir s\u00e9curit\u00e9, haute disponibilit\u00e9 et continuit\u00e9 de service.<\/p>\t\t\t\t\t\t\t\t<\/div>\n\t\t\t\t<\/div>\n\t\t\t\t<\/div>\n\t\t<div class=\"elementor-element elementor-element-45e0a3f e-con-full e-flex e-con e-child\" data-id=\"45e0a3f\" data-element_type=\"container\">\n\t\t\t\t<div class=\"elementor-element elementor-element-2ec6944 item__display__img elementor-widget elementor-widget-image\" data-id=\"2ec6944\" data-element_type=\"widget\" data-widget_type=\"image.default\">\n\t\t\t\t\t\t\t\t\t\t\t\t\t\t\t<img loading=\"lazy\" decoding=\"async\" width=\"1024\" height=\"683\" src=\"https:\/\/wymber.fr\/wp-content\/uploads\/2025\/12\/pexels-photo-6476584-1024x683.jpeg\" class=\"attachment-large size-large wp-image-521\" alt=\"\" srcset=\"https:\/\/wymber.fr\/wp-content\/uploads\/2025\/12\/pexels-photo-6476584-1024x683.jpeg 1024w, https:\/\/wymber.fr\/wp-content\/uploads\/2025\/12\/pexels-photo-6476584-300x200.jpeg 300w, https:\/\/wymber.fr\/wp-content\/uploads\/2025\/12\/pexels-photo-6476584-768x512.jpeg 768w, https:\/\/wymber.fr\/wp-content\/uploads\/2025\/12\/pexels-photo-6476584-1536x1025.jpeg 1536w, https:\/\/wymber.fr\/wp-content\/uploads\/2025\/12\/pexels-photo-6476584-2048x1367.jpeg 2048w\" sizes=\"(max-width: 1024px) 100vw, 1024px\" \/>\t\t\t\t\t\t\t\t\t\t\t\t\t\t\t<\/div>\n\t\t<div class=\"elementor-element elementor-element-e4b78a4 e-con-full item__display__content e-flex e-con e-child\" data-id=\"e4b78a4\" data-element_type=\"container\">\n\t\t\t\t<div class=\"elementor-element elementor-element-d7625f1 elementor-widget elementor-widget-heading\" data-id=\"d7625f1\" data-element_type=\"widget\" data-widget_type=\"heading.default\">\n\t\t\t\t\t<h4 class=\"elementor-heading-title elementor-size-default\">Web Analytics &amp; SEO<\/h4>\t\t\t\t<\/div>\n\t\t\t\t<div class=\"elementor-element elementor-element-2228038 elementor-widget elementor-widget-text-editor\" data-id=\"2228038\" data-element_type=\"widget\" data-widget_type=\"text-editor.default\">\n\t\t\t\t\t\t\t\t\t<p>Experts tracking, CRO, personnalisation, SEO technique et contenu pour booster votre visibilit\u00e9 et conversion.<\/p>\t\t\t\t\t\t\t\t<\/div>\n\t\t\t\t<\/div>\n\t\t\t\t<\/div>\n\t\t<div class=\"elementor-element elementor-element-5ed1e9e e-con-full e-flex e-con e-child\" data-id=\"5ed1e9e\" data-element_type=\"container\">\n\t\t\t\t<div class=\"elementor-element elementor-element-8e9d6c2 item__display__img elementor-widget elementor-widget-image\" data-id=\"8e9d6c2\" data-element_type=\"widget\" data-widget_type=\"image.default\">\n\t\t\t\t\t\t\t\t\t\t\t\t\t\t\t<img loading=\"lazy\" decoding=\"async\" width=\"1024\" height=\"683\" src=\"https:\/\/wymber.fr\/wp-content\/uploads\/2025\/12\/pexels-photo-5380642-1024x683.jpeg\" class=\"attachment-large size-large wp-image-522\" alt=\"\" srcset=\"https:\/\/wymber.fr\/wp-content\/uploads\/2025\/12\/pexels-photo-5380642-1024x683.jpeg 1024w, https:\/\/wymber.fr\/wp-content\/uploads\/2025\/12\/pexels-photo-5380642-300x200.jpeg 300w, https:\/\/wymber.fr\/wp-content\/uploads\/2025\/12\/pexels-photo-5380642-768x512.jpeg 768w, https:\/\/wymber.fr\/wp-content\/uploads\/2025\/12\/pexels-photo-5380642-1536x1024.jpeg 1536w, https:\/\/wymber.fr\/wp-content\/uploads\/2025\/12\/pexels-photo-5380642-2048x1365.jpeg 2048w\" sizes=\"(max-width: 1024px) 100vw, 1024px\" \/>\t\t\t\t\t\t\t\t\t\t\t\t\t\t\t<\/div>\n\t\t<div class=\"elementor-element elementor-element-1751b4e e-con-full item__display__content e-flex e-con e-child\" data-id=\"1751b4e\" data-element_type=\"container\">\n\t\t\t\t<div class=\"elementor-element elementor-element-3c7b567 elementor-widget elementor-widget-heading\" data-id=\"3c7b567\" data-element_type=\"widget\" data-widget_type=\"heading.default\">\n\t\t\t\t\t<h4 class=\"elementor-heading-title elementor-size-default\">CyberS\u00e9curit\u00e9<\/h4>\t\t\t\t<\/div>\n\t\t\t\t<div class=\"elementor-element elementor-element-aa1e41f elementor-widget elementor-widget-text-editor\" data-id=\"aa1e41f\" data-element_type=\"widget\" data-widget_type=\"text-editor.default\">\n\t\t\t\t\t\t\t\t\t<p>\u00a0Pentest, SOC, IAM, s\u00e9curisation Cloud &amp; app, conformit\u00e9 RGPD pour prot\u00e9ger vos donn\u00e9es.<\/p>\t\t\t\t\t\t\t\t<\/div>\n\t\t\t\t<\/div>\n\t\t\t\t<\/div>\n\t\t<div class=\"elementor-element elementor-element-c57b818 e-con-full e-flex e-con e-child\" data-id=\"c57b818\" data-element_type=\"container\">\n\t\t\t\t<div class=\"elementor-element elementor-element-442267f item__display__img elementor-widget elementor-widget-image\" data-id=\"442267f\" data-element_type=\"widget\" data-widget_type=\"image.default\">\n\t\t\t\t\t\t\t\t\t\t\t\t\t\t\t<img loading=\"lazy\" decoding=\"async\" width=\"768\" height=\"1024\" src=\"https:\/\/wymber.fr\/wp-content\/uploads\/2025\/12\/pexels-photo-6771685-768x1024.jpeg\" class=\"attachment-large size-large wp-image-523\" alt=\"\" srcset=\"https:\/\/wymber.fr\/wp-content\/uploads\/2025\/12\/pexels-photo-6771685-768x1024.jpeg 768w, https:\/\/wymber.fr\/wp-content\/uploads\/2025\/12\/pexels-photo-6771685-225x300.jpeg 225w, https:\/\/wymber.fr\/wp-content\/uploads\/2025\/12\/pexels-photo-6771685-1152x1536.jpeg 1152w, https:\/\/wymber.fr\/wp-content\/uploads\/2025\/12\/pexels-photo-6771685-1536x2048.jpeg 1536w, https:\/\/wymber.fr\/wp-content\/uploads\/2025\/12\/pexels-photo-6771685-scaled.jpeg 1920w\" sizes=\"(max-width: 768px) 100vw, 768px\" \/>\t\t\t\t\t\t\t\t\t\t\t\t\t\t\t<\/div>\n\t\t<div class=\"elementor-element elementor-element-3ac2a37 e-con-full item__display__content e-flex e-con e-child\" data-id=\"3ac2a37\" data-element_type=\"container\">\n\t\t\t\t<div class=\"elementor-element elementor-element-22c5b6b elementor-widget elementor-widget-heading\" data-id=\"22c5b6b\" data-element_type=\"widget\" data-widget_type=\"heading.default\">\n\t\t\t\t\t<h4 class=\"elementor-heading-title elementor-size-default\">Blockchain &amp; Web3<\/h4>\t\t\t\t<\/div>\n\t\t\t\t<div class=\"elementor-element elementor-element-64c8d6f elementor-widget elementor-widget-text-editor\" data-id=\"64c8d6f\" data-element_type=\"widget\" data-widget_type=\"text-editor.default\">\n\t\t\t\t\t\t\t\t\t<p>D\u00e9veloppement Smart Contracts, DeFi, NFT, architectures d\u00e9centralis\u00e9es et int\u00e9gration blockchain.<\/p>\t\t\t\t\t\t\t\t<\/div>\n\t\t\t\t<\/div>\n\t\t\t\t<\/div>\n\t\t<div class=\"elementor-element elementor-element-e96b37f e-con-full e-flex e-con e-child\" data-id=\"e96b37f\" data-element_type=\"container\">\n\t\t\t\t<div class=\"elementor-element elementor-element-ab4dea6 item__display__img elementor-widget elementor-widget-image\" data-id=\"ab4dea6\" data-element_type=\"widget\" data-widget_type=\"image.default\">\n\t\t\t\t\t\t\t\t\t\t\t\t\t\t\t<img loading=\"lazy\" decoding=\"async\" width=\"1024\" height=\"683\" src=\"https:\/\/wymber.fr\/wp-content\/uploads\/2025\/12\/pexels-photo-3184637-1024x683.jpeg\" class=\"attachment-large size-large wp-image-524\" alt=\"\" srcset=\"https:\/\/wymber.fr\/wp-content\/uploads\/2025\/12\/pexels-photo-3184637-1024x683.jpeg 1024w, https:\/\/wymber.fr\/wp-content\/uploads\/2025\/12\/pexels-photo-3184637-300x200.jpeg 300w, https:\/\/wymber.fr\/wp-content\/uploads\/2025\/12\/pexels-photo-3184637-768x512.jpeg 768w, https:\/\/wymber.fr\/wp-content\/uploads\/2025\/12\/pexels-photo-3184637-1536x1024.jpeg 1536w, https:\/\/wymber.fr\/wp-content\/uploads\/2025\/12\/pexels-photo-3184637-2048x1365.jpeg 2048w\" sizes=\"(max-width: 1024px) 100vw, 1024px\" \/>\t\t\t\t\t\t\t\t\t\t\t\t\t\t\t<\/div>\n\t\t<div class=\"elementor-element elementor-element-504bd22 e-con-full item__display__content e-flex e-con e-child\" data-id=\"504bd22\" data-element_type=\"container\">\n\t\t\t\t<div class=\"elementor-element elementor-element-3931f98 elementor-widget elementor-widget-heading\" data-id=\"3931f98\" data-element_type=\"widget\" data-widget_type=\"heading.default\">\n\t\t\t\t\t<h4 class=\"elementor-heading-title elementor-size-default\">ERP &amp; CRM<\/h4>\t\t\t\t<\/div>\n\t\t\t\t<div class=\"elementor-element elementor-element-686b760 elementor-widget elementor-widget-text-editor\" data-id=\"686b760\" data-element_type=\"widget\" data-widget_type=\"text-editor.default\">\n\t\t\t\t\t\t\t\t\t<p>Int\u00e9gration Salesforce, SAP, Dynamics et outils CRM\/ERP orient\u00e9s performance et acquisition.<\/p>\t\t\t\t\t\t\t\t<\/div>\n\t\t\t\t<\/div>\n\t\t\t\t<\/div>\n\t\t<div class=\"elementor-element elementor-element-2accbd5 e-con-full e-flex e-con e-child\" data-id=\"2accbd5\" data-element_type=\"container\">\n\t\t\t\t<div class=\"elementor-element elementor-element-0729ed4 item__display__img elementor-widget elementor-widget-image\" data-id=\"0729ed4\" data-element_type=\"widget\" data-widget_type=\"image.default\">\n\t\t\t\t\t\t\t\t\t\t\t\t\t\t\t<img loading=\"lazy\" decoding=\"async\" width=\"1024\" height=\"678\" src=\"https:\/\/wymber.fr\/wp-content\/uploads\/2025\/12\/pexels-photo-669619-1024x678.jpeg\" class=\"attachment-large size-large wp-image-525\" alt=\"\" srcset=\"https:\/\/wymber.fr\/wp-content\/uploads\/2025\/12\/pexels-photo-669619-1024x678.jpeg 1024w, https:\/\/wymber.fr\/wp-content\/uploads\/2025\/12\/pexels-photo-669619-300x199.jpeg 300w, https:\/\/wymber.fr\/wp-content\/uploads\/2025\/12\/pexels-photo-669619-768x509.jpeg 768w, https:\/\/wymber.fr\/wp-content\/uploads\/2025\/12\/pexels-photo-669619-1536x1017.jpeg 1536w, https:\/\/wymber.fr\/wp-content\/uploads\/2025\/12\/pexels-photo-669619-2048x1356.jpeg 2048w\" sizes=\"(max-width: 1024px) 100vw, 1024px\" \/>\t\t\t\t\t\t\t\t\t\t\t\t\t\t\t<\/div>\n\t\t<div class=\"elementor-element elementor-element-6150c29 e-con-full item__display__content e-flex e-con e-child\" data-id=\"6150c29\" data-element_type=\"container\">\n\t\t\t\t<div class=\"elementor-element elementor-element-296ac29 elementor-widget elementor-widget-heading\" data-id=\"296ac29\" data-element_type=\"widget\" data-widget_type=\"heading.default\">\n\t\t\t\t\t<h4 class=\"elementor-heading-title elementor-size-default\">Marketing Digital &amp; Growth<\/h4>\t\t\t\t<\/div>\n\t\t\t\t<div class=\"elementor-element elementor-element-63e2225 elementor-widget elementor-widget-text-editor\" data-id=\"63e2225\" data-element_type=\"widget\" data-widget_type=\"text-editor.default\">\n\t\t\t\t\t\t\t\t\t<p>Growth, acquisition, automation, ads et perf-marketing au service de vos objectifs business.<\/p>\t\t\t\t\t\t\t\t<\/div>\n\t\t\t\t<\/div>\n\t\t\t\t<\/div>\n\t\t<div class=\"elementor-element elementor-element-27f3c47 e-con-full e-flex e-con e-child\" data-id=\"27f3c47\" data-element_type=\"container\">\n\t\t\t\t<div class=\"elementor-element elementor-element-a1f2473 item__display__img elementor-widget elementor-widget-image\" data-id=\"a1f2473\" data-element_type=\"widget\" data-widget_type=\"image.default\">\n\t\t\t\t\t\t\t\t\t\t\t\t\t\t\t<img loading=\"lazy\" decoding=\"async\" width=\"1024\" height=\"576\" src=\"https:\/\/wymber.fr\/wp-content\/uploads\/2025\/12\/pexels-photo-3184292-1024x576.jpeg\" class=\"attachment-large size-large wp-image-526\" alt=\"\" srcset=\"https:\/\/wymber.fr\/wp-content\/uploads\/2025\/12\/pexels-photo-3184292-1024x576.jpeg 1024w, https:\/\/wymber.fr\/wp-content\/uploads\/2025\/12\/pexels-photo-3184292-300x169.jpeg 300w, https:\/\/wymber.fr\/wp-content\/uploads\/2025\/12\/pexels-photo-3184292-768x432.jpeg 768w, https:\/\/wymber.fr\/wp-content\/uploads\/2025\/12\/pexels-photo-3184292-1536x864.jpeg 1536w, https:\/\/wymber.fr\/wp-content\/uploads\/2025\/12\/pexels-photo-3184292-2048x1152.jpeg 2048w, https:\/\/wymber.fr\/wp-content\/uploads\/2025\/12\/pexels-photo-3184292-353x200.jpeg 353w\" sizes=\"(max-width: 1024px) 100vw, 1024px\" \/>\t\t\t\t\t\t\t\t\t\t\t\t\t\t\t<\/div>\n\t\t<div class=\"elementor-element elementor-element-bda3da7 e-con-full item__display__content e-flex e-con e-child\" data-id=\"bda3da7\" data-element_type=\"container\">\n\t\t\t\t<div class=\"elementor-element elementor-element-b18ed35 elementor-widget elementor-widget-heading\" data-id=\"b18ed35\" data-element_type=\"widget\" data-widget_type=\"heading.default\">\n\t\t\t\t\t<h4 class=\"elementor-heading-title elementor-size-default\">Transformation Agile &amp; Coaching<\/h4>\t\t\t\t<\/div>\n\t\t\t\t<div class=\"elementor-element elementor-element-70858af elementor-widget elementor-widget-text-editor\" data-id=\"70858af\" data-element_type=\"widget\" data-widget_type=\"text-editor.default\">\n\t\t\t\t\t\t\t\t\t<p>Scrum masters, coach agile, PMO pour structurer, acc\u00e9l\u00e9rer et gouverner vos projets.<\/p>\t\t\t\t\t\t\t\t<\/div>\n\t\t\t\t<\/div>\n\t\t\t\t<\/div>\n\t\t<div class=\"elementor-element elementor-element-bb353f2 e-con-full e-flex e-con e-child\" data-id=\"bb353f2\" data-element_type=\"container\">\n\t\t\t\t<div class=\"elementor-element elementor-element-4090a34 item__display__img elementor-widget elementor-widget-image\" data-id=\"4090a34\" data-element_type=\"widget\" data-widget_type=\"image.default\">\n\t\t\t\t\t\t\t\t\t\t\t\t\t\t\t<img loading=\"lazy\" decoding=\"async\" width=\"1000\" height=\"668\" src=\"https:\/\/wymber.fr\/wp-content\/uploads\/2025\/12\/pexels-photo-1181359.jpg\" class=\"attachment-large size-large wp-image-527\" alt=\"\" srcset=\"https:\/\/wymber.fr\/wp-content\/uploads\/2025\/12\/pexels-photo-1181359.jpg 1000w, https:\/\/wymber.fr\/wp-content\/uploads\/2025\/12\/pexels-photo-1181359-300x200.jpg 300w, https:\/\/wymber.fr\/wp-content\/uploads\/2025\/12\/pexels-photo-1181359-768x513.jpg 768w\" sizes=\"(max-width: 1000px) 100vw, 1000px\" \/>\t\t\t\t\t\t\t\t\t\t\t\t\t\t\t<\/div>\n\t\t<div class=\"elementor-element elementor-element-5363c55 e-con-full item__display__content e-flex e-con e-child\" data-id=\"5363c55\" data-element_type=\"container\">\n\t\t\t\t<div class=\"elementor-element elementor-element-ca7d6db elementor-widget elementor-widget-heading\" data-id=\"ca7d6db\" data-element_type=\"widget\" data-widget_type=\"heading.default\">\n\t\t\t\t\t<h4 class=\"elementor-heading-title elementor-size-default\">Support &amp; Production IT<\/h4>\t\t\t\t<\/div>\n\t\t\t\t<div class=\"elementor-element elementor-element-dfb0788 elementor-widget elementor-widget-text-editor\" data-id=\"dfb0788\" data-element_type=\"widget\" data-widget_type=\"text-editor.default\">\n\t\t\t\t\t\t\t\t\t<p>Techniciens support, exploitation et monitoring pour garantir stabilit\u00e9 et qualit\u00e9 de service.<\/p>\t\t\t\t\t\t\t\t<\/div>\n\t\t\t\t<\/div>\n\t\t\t\t<\/div>\n\t\t\t\t<\/div>\n\t\t\t\t\t<\/div>\n\t\t\t\t<\/div>\n\t\t\t\t<\/div>\n\t\t","protected":false},"excerpt":{"rendered":"Bien que notre pr\u00e9sence s&rsquo;\u00e9tende \u00e0 plusieurs pays, la cl\u00e9 de notre succ\u00e8s r\u00e9side dans notre \u00e9quipe de consultants exp\u00e9riment\u00e9s.\r\n\r\nLeur connaissance approfondie du paysage technologique britannique couvre un large \u00e9ventail de sp\u00e9cialit\u00e9s.","protected":false},"author":1,"featured_media":0,"parent":0,"menu_order":0,"comment_status":"closed","ping_status":"closed","template":"","meta":[],"class_list":["post-80","page","type-page","status-publish","hentry"],"_links":{"self":[{"href":"https:\/\/wymber.fr\/index.php\/wp-json\/wp\/v2\/pages\/80","targetHints":{"allow":["GET"]}}],"collection":[{"href":"https:\/\/wymber.fr\/index.php\/wp-json\/wp\/v2\/pages"}],"about":[{"href":"https:\/\/wymber.fr\/index.php\/wp-json\/wp\/v2\/types\/page"}],"author":[{"embeddable":true,"href":"https:\/\/wymber.fr\/index.php\/wp-json\/wp\/v2\/users\/1"}],"replies":[{"embeddable":true,"href":"https:\/\/wymber.fr\/index.php\/wp-json\/wp\/v2\/comments?post=80"}],"version-history":[{"count":27,"href":"https:\/\/wymber.fr\/index.php\/wp-json\/wp\/v2\/pages\/80\/revisions"}],"predecessor-version":[{"id":726,"href":"https:\/\/wymber.fr\/index.php\/wp-json\/wp\/v2\/pages\/80\/revisions\/726"}],"wp:attachment":[{"href":"https:\/\/wymber.fr\/index.php\/wp-json\/wp\/v2\/media?parent=80"}],"curies":[{"name":"wp","href":"https:\/\/api.w.org\/{rel}","templated":true}]}}