{"id":82,"date":"2025-11-27T22:06:44","date_gmt":"2025-11-27T21:06:44","guid":{"rendered":"http:\/\/localhost:8888\/wymber-dynamoque\/?page_id=82"},"modified":"2025-12-01T23:35:25","modified_gmt":"2025-12-01T22:35:25","slug":"nos-industries","status":"publish","type":"page","link":"https:\/\/wymber.fr\/index.php\/nos-industries\/","title":{"rendered":"Nos industries"},"content":{"rendered":"\t\t<div data-elementor-type=\"wp-page\" data-elementor-id=\"82\" class=\"elementor elementor-82\">\n\t\t\t\t<div class=\"elementor-element elementor-element-c1630bd industries section__display e-flex e-con-boxed e-con e-parent\" data-id=\"c1630bd\" data-element_type=\"container\">\n\t\t\t\t\t<div class=\"e-con-inner\">\n\t\t<div class=\"elementor-element elementor-element-3b07900 e-grid e-con-full display__grid three__column component__grid__three__column e-con e-child\" data-id=\"3b07900\" data-element_type=\"container\">\n\t\t<div class=\"elementor-element elementor-element-7c7631e e-con-full item__grid e-flex e-con e-child\" data-id=\"7c7631e\" data-element_type=\"container\">\n\t\t\t\t<div class=\"elementor-element elementor-element-d6440b2 item__display__img item__display__svg elementor-widget elementor-widget-image\" data-id=\"d6440b2\" data-element_type=\"widget\" data-widget_type=\"image.default\">\n\t\t\t\t\t\t\t\t\t\t\t\t\t\t\t<img decoding=\"async\" width=\"40\" height=\"40\" src=\"https:\/\/wymber.fr\/wp-content\/uploads\/2025\/12\/industrie-svg1.svg\" class=\"attachment-large size-large wp-image-358\" alt=\"\" \/>\t\t\t\t\t\t\t\t\t\t\t\t\t\t\t<\/div>\n\t\t<div class=\"elementor-element elementor-element-8e2b058 e-con-full item__display__content e-flex e-con e-child\" data-id=\"8e2b058\" data-element_type=\"container\">\n\t\t\t\t<div class=\"elementor-element elementor-element-eaa9dd1 elementor-widget elementor-widget-heading\" data-id=\"eaa9dd1\" data-element_type=\"widget\" data-widget_type=\"heading.default\">\n\t\t\t\t\t<h4 class=\"elementor-heading-title elementor-size-default\"> Finance &amp; Fintech<\/h4>\t\t\t\t<\/div>\n\t\t\t\t<div class=\"elementor-element elementor-element-dd1e758 elementor-widget elementor-widget-text-editor\" data-id=\"dd1e758\" data-element_type=\"widget\" data-widget_type=\"text-editor.default\">\n\t\t\t\t\t\t\t\t\t<p>\u00a0Nous collaborons avec des banques d&rsquo;investissement, des fonds sp\u00e9culatifs et des startups Fintech pour placer des experts en d\u00e9veloppement, donn\u00e9es et cybers\u00e9curit\u00e9.<\/p>\t\t\t\t\t\t\t\t<\/div>\n\t\t\t\t<\/div>\n\t\t\t\t<\/div>\n\t\t<div class=\"elementor-element elementor-element-32e3edb e-con-full item__grid e-flex e-con e-child\" data-id=\"32e3edb\" data-element_type=\"container\">\n\t\t\t\t<div class=\"elementor-element elementor-element-e691486 item__display__img item__display__svg elementor-widget elementor-widget-image\" data-id=\"e691486\" data-element_type=\"widget\" data-widget_type=\"image.default\">\n\t\t\t\t\t\t\t\t\t\t\t\t\t\t\t<img decoding=\"async\" width=\"40\" height=\"40\" src=\"https:\/\/wymber.fr\/wp-content\/uploads\/2025\/12\/industrie-svg2.svg\" class=\"attachment-large size-large wp-image-359\" alt=\"\" \/>\t\t\t\t\t\t\t\t\t\t\t\t\t\t\t<\/div>\n\t\t<div class=\"elementor-element elementor-element-6b852cb e-con-full item__display__content e-flex e-con e-child\" data-id=\"6b852cb\" data-element_type=\"container\">\n\t\t\t\t<div class=\"elementor-element elementor-element-9812641 elementor-widget elementor-widget-heading\" data-id=\"9812641\" data-element_type=\"widget\" data-widget_type=\"heading.default\">\n\t\t\t\t\t<h4 class=\"elementor-heading-title elementor-size-default\">Sant\u00e9 &amp; MedTech<\/h4>\t\t\t\t<\/div>\n\t\t\t\t<div class=\"elementor-element elementor-element-0ebb4d1 elementor-widget elementor-widget-text-editor\" data-id=\"0ebb4d1\" data-element_type=\"widget\" data-widget_type=\"text-editor.default\">\n\t\t\t\t\t\t\t\t\t<p>\u00a0Nous collaborons avec des banques d&rsquo;investissement, des fonds sp\u00e9culatifs et des startups Fintech pour placer des experts en d\u00e9veloppement, donn\u00e9es et cybers\u00e9curit\u00e9.<\/p>\t\t\t\t\t\t\t\t<\/div>\n\t\t\t\t<\/div>\n\t\t\t\t<\/div>\n\t\t<div class=\"elementor-element elementor-element-06f9209 e-con-full item__grid e-flex e-con e-child\" data-id=\"06f9209\" data-element_type=\"container\">\n\t\t\t\t<div class=\"elementor-element elementor-element-c02184e item__display__img item__display__svg elementor-widget elementor-widget-image\" data-id=\"c02184e\" data-element_type=\"widget\" data-widget_type=\"image.default\">\n\t\t\t\t\t\t\t\t\t\t\t\t\t\t\t<img decoding=\"async\" width=\"40\" height=\"40\" src=\"https:\/\/wymber.fr\/wp-content\/uploads\/2025\/12\/industrie-svg3.svg\" class=\"attachment-large size-large wp-image-360\" alt=\"\" \/>\t\t\t\t\t\t\t\t\t\t\t\t\t\t\t<\/div>\n\t\t<div class=\"elementor-element elementor-element-ed339e9 e-con-full item__display__content e-flex e-con e-child\" data-id=\"ed339e9\" data-element_type=\"container\">\n\t\t\t\t<div class=\"elementor-element elementor-element-fbc5251 elementor-widget elementor-widget-heading\" data-id=\"fbc5251\" data-element_type=\"widget\" data-widget_type=\"heading.default\">\n\t\t\t\t\t<h4 class=\"elementor-heading-title elementor-size-default\">Secteur Public<\/h4>\t\t\t\t<\/div>\n\t\t\t\t<div class=\"elementor-element elementor-element-dd8d0bc elementor-widget elementor-widget-text-editor\" data-id=\"dd8d0bc\" data-element_type=\"widget\" data-widget_type=\"text-editor.default\">\n\t\t\t\t\t\t\t\t\t<p>\u00a0Nous collaborons avec des banques d&rsquo;investissement, des fonds sp\u00e9culatifs et des startups Fintech pour placer des experts en d\u00e9veloppement, donn\u00e9es et cybers\u00e9curit\u00e9.<\/p>\t\t\t\t\t\t\t\t<\/div>\n\t\t\t\t<\/div>\n\t\t\t\t<\/div>\n\t\t<div class=\"elementor-element elementor-element-6b65ed9 e-con-full item__grid e-flex e-con e-child\" data-id=\"6b65ed9\" data-element_type=\"container\">\n\t\t\t\t<div class=\"elementor-element elementor-element-22eb03e item__display__img item__display__svg elementor-widget elementor-widget-image\" data-id=\"22eb03e\" data-element_type=\"widget\" data-widget_type=\"image.default\">\n\t\t\t\t\t\t\t\t\t\t\t\t\t\t\t<img loading=\"lazy\" decoding=\"async\" width=\"40\" height=\"40\" src=\"https:\/\/wymber.fr\/wp-content\/uploads\/2025\/12\/industrie-svg4.svg\" class=\"attachment-large size-large wp-image-361\" alt=\"\" \/>\t\t\t\t\t\t\t\t\t\t\t\t\t\t\t<\/div>\n\t\t<div class=\"elementor-element elementor-element-088bba4 e-con-full item__display__content e-flex e-con e-child\" data-id=\"088bba4\" data-element_type=\"container\">\n\t\t\t\t<div class=\"elementor-element elementor-element-16ac403 elementor-widget elementor-widget-heading\" data-id=\"16ac403\" data-element_type=\"widget\" data-widget_type=\"heading.default\">\n\t\t\t\t\t<h4 class=\"elementor-heading-title elementor-size-default\">Industrie &amp; Ing\u00e9nierie<\/h4>\t\t\t\t<\/div>\n\t\t\t\t<div class=\"elementor-element elementor-element-e008f16 elementor-widget elementor-widget-text-editor\" data-id=\"e008f16\" data-element_type=\"widget\" data-widget_type=\"text-editor.default\">\n\t\t\t\t\t\t\t\t\t<p>\u00a0Nous collaborons avec des banques d&rsquo;investissement, des fonds sp\u00e9culatifs et des startups Fintech pour placer des experts en d\u00e9veloppement, donn\u00e9es et cybers\u00e9curit\u00e9.<\/p>\t\t\t\t\t\t\t\t<\/div>\n\t\t\t\t<\/div>\n\t\t\t\t<\/div>\n\t\t<div class=\"elementor-element elementor-element-80b48a7 e-con-full item__grid e-flex e-con e-child\" data-id=\"80b48a7\" data-element_type=\"container\">\n\t\t\t\t<div class=\"elementor-element elementor-element-e3042e2 item__display__img item__display__svg elementor-widget elementor-widget-image\" data-id=\"e3042e2\" data-element_type=\"widget\" data-widget_type=\"image.default\">\n\t\t\t\t\t\t\t\t\t\t\t\t\t\t\t<img loading=\"lazy\" decoding=\"async\" width=\"40\" height=\"40\" src=\"https:\/\/wymber.fr\/wp-content\/uploads\/2025\/12\/industrie-svg5.svg\" class=\"attachment-large size-large wp-image-362\" alt=\"\" \/>\t\t\t\t\t\t\t\t\t\t\t\t\t\t\t<\/div>\n\t\t<div class=\"elementor-element elementor-element-a98e400 e-con-full item__display__content e-flex e-con e-child\" data-id=\"a98e400\" data-element_type=\"container\">\n\t\t\t\t<div class=\"elementor-element elementor-element-f721853 elementor-widget elementor-widget-heading\" data-id=\"f721853\" data-element_type=\"widget\" data-widget_type=\"heading.default\">\n\t\t\t\t\t<h4 class=\"elementor-heading-title elementor-size-default\">\u00c9ducation &amp; EdTech<\/h4>\t\t\t\t<\/div>\n\t\t\t\t<div class=\"elementor-element elementor-element-4cb6722 elementor-widget elementor-widget-text-editor\" data-id=\"4cb6722\" data-element_type=\"widget\" data-widget_type=\"text-editor.default\">\n\t\t\t\t\t\t\t\t\t<p>\u00a0Nous collaborons avec des banques d&rsquo;investissement, des fonds sp\u00e9culatifs et des startups Fintech pour placer des experts en d\u00e9veloppement, donn\u00e9es et cybers\u00e9curit\u00e9.<\/p>\t\t\t\t\t\t\t\t<\/div>\n\t\t\t\t<\/div>\n\t\t\t\t<\/div>\n\t\t<div class=\"elementor-element elementor-element-5b50526 e-con-full item__grid e-flex e-con e-child\" data-id=\"5b50526\" data-element_type=\"container\">\n\t\t\t\t<div class=\"elementor-element elementor-element-0f71e0a item__display__img item__display__svg elementor-widget elementor-widget-image\" data-id=\"0f71e0a\" data-element_type=\"widget\" data-widget_type=\"image.default\">\n\t\t\t\t\t\t\t\t\t\t\t\t\t\t\t<img loading=\"lazy\" decoding=\"async\" width=\"40\" height=\"40\" src=\"https:\/\/wymber.fr\/wp-content\/uploads\/2025\/12\/industrie-svg6.svg\" class=\"attachment-large size-large wp-image-363\" alt=\"\" \/>\t\t\t\t\t\t\t\t\t\t\t\t\t\t\t<\/div>\n\t\t<div class=\"elementor-element elementor-element-5f0a4ca e-con-full item__display__content e-flex e-con e-child\" data-id=\"5f0a4ca\" data-element_type=\"container\">\n\t\t\t\t<div class=\"elementor-element elementor-element-370850b elementor-widget elementor-widget-heading\" data-id=\"370850b\" data-element_type=\"widget\" data-widget_type=\"heading.default\">\n\t\t\t\t\t<h4 class=\"elementor-heading-title elementor-size-default\">Services Professionnels<\/h4>\t\t\t\t<\/div>\n\t\t\t\t<div class=\"elementor-element elementor-element-efea8fe elementor-widget elementor-widget-text-editor\" data-id=\"efea8fe\" data-element_type=\"widget\" data-widget_type=\"text-editor.default\">\n\t\t\t\t\t\t\t\t\t<p>\u00a0Nous collaborons avec des banques d&rsquo;investissement, des fonds sp\u00e9culatifs et des startups Fintech pour placer des experts en d\u00e9veloppement, donn\u00e9es et cybers\u00e9curit\u00e9.<\/p>\t\t\t\t\t\t\t\t<\/div>\n\t\t\t\t<\/div>\n\t\t\t\t<\/div>\n\t\t\t\t<\/div>\n\t\t\t\t\t<\/div>\n\t\t\t\t<\/div>\n\t\t<div class=\"elementor-element elementor-element-2f900d7 section section--cta-double e-flex e-con-boxed e-con e-parent\" data-id=\"2f900d7\" data-element_type=\"container\">\n\t\t\t\t\t<div class=\"e-con-inner\">\n\t\t<div class=\"elementor-element elementor-element-9bf5d16 e-grid e-con-full grid grid--2 tablet--1 cta__grid e-con e-child\" data-id=\"9bf5d16\" data-element_type=\"container\">\n\t\t\t\t<div class=\"elementor-element elementor-element-3a77ae4 elementor-widget elementor-widget-text-editor\" data-id=\"3a77ae4\" data-element_type=\"widget\" data-widget_type=\"text-editor.default\">\n\t\t\t\t\t\t\t\t\t<div class=\"cta__col relative flex flex--column\">\n<div class=\"cta__content flex flex--column flex--1\">\n<h3 class=\"cta__title h4\">A la recherche d&rsquo;un emploi ?<\/h3>\n<p>On peut vous accompagner \u2013 recherchez et postulez en ligne aujourd&rsquo;hui !<\/p>\n<div class=\"cta__buttons margin--top--auto\"><a class=\"button cta__button button--arrow button--secondary\" href=\"\/fr-fr\/trouver-un-job\/\">Trouver un emploi<\/a><\/div>\n<\/div>\n<\/div>\t\t\t\t\t\t\t\t<\/div>\n\t\t\t\t<div class=\"elementor-element elementor-element-6e72c4b elementor-widget elementor-widget-text-editor\" data-id=\"6e72c4b\" data-element_type=\"widget\" data-widget_type=\"text-editor.default\">\n\t\t\t\t\t\t\t\t\t<div class=\"cta__col relative flex flex--column\"><div class=\"cta__content flex flex--column flex--1\"><h3 class=\"cta__title h4\">A la recherche d&rsquo;un talent ?<\/h3><p>Discutons-en \u2013 nous pouvons vous aider !<\/p><div class=\"cta__buttons margin--top--auto\"><a class=\"button cta__button button--arrow button--secondary\" href=\"\/fr-fr\/contactez-nous\/\">Nous contacter<\/a><\/div><\/div><\/div>\t\t\t\t\t\t\t\t<\/div>\n\t\t\t\t<\/div>\n\t\t\t\t\t<\/div>\n\t\t\t\t<\/div>\n\t\t\t\t<\/div>\n\t\t","protected":false},"excerpt":{"rendered":"Computer Futures op\u00e8re au c\u0153ur des secteurs les plus dynamiques de l&rsquo;\u00e9conomie mondiale. Notre compr\u00e9hension approfondie des d\u00e9fis sp\u00e9cifiques \u00e0 chaque industrie nous permet de proposer des solutions de recrutement sur mesure.","protected":false},"author":1,"featured_media":0,"parent":0,"menu_order":0,"comment_status":"closed","ping_status":"closed","template":"","meta":[],"class_list":["post-82","page","type-page","status-publish","hentry"],"_links":{"self":[{"href":"https:\/\/wymber.fr\/index.php\/wp-json\/wp\/v2\/pages\/82","targetHints":{"allow":["GET"]}}],"collection":[{"href":"https:\/\/wymber.fr\/index.php\/wp-json\/wp\/v2\/pages"}],"about":[{"href":"https:\/\/wymber.fr\/index.php\/wp-json\/wp\/v2\/types\/page"}],"author":[{"embeddable":true,"href":"https:\/\/wymber.fr\/index.php\/wp-json\/wp\/v2\/users\/1"}],"replies":[{"embeddable":true,"href":"https:\/\/wymber.fr\/index.php\/wp-json\/wp\/v2\/comments?post=82"}],"version-history":[{"count":8,"href":"https:\/\/wymber.fr\/index.php\/wp-json\/wp\/v2\/pages\/82\/revisions"}],"predecessor-version":[{"id":369,"href":"https:\/\/wymber.fr\/index.php\/wp-json\/wp\/v2\/pages\/82\/revisions\/369"}],"wp:attachment":[{"href":"https:\/\/wymber.fr\/index.php\/wp-json\/wp\/v2\/media?parent=82"}],"curies":[{"name":"wp","href":"https:\/\/api.w.org\/{rel}","templated":true}]}}