{"id":84,"date":"2025-11-27T22:07:10","date_gmt":"2025-11-27T21:07:10","guid":{"rendered":"http:\/\/localhost:8888\/wymber-dynamoque\/?page_id=84"},"modified":"2025-12-22T01:30:06","modified_gmt":"2025-12-22T00:30:06","slug":"articles","status":"publish","type":"page","link":"https:\/\/wymber.fr\/index.php\/articles\/","title":{"rendered":"Articles"},"content":{"rendered":"\t\t<div data-elementor-type=\"wp-page\" data-elementor-id=\"84\" class=\"elementor elementor-84\">\n\t\t\t\t<div class=\"elementor-element elementor-element-b3e03c6 articles section__display e-flex e-con-boxed e-con e-parent\" data-id=\"b3e03c6\" data-element_type=\"container\">\n\t\t\t\t\t<div class=\"e-con-inner\">\n\t\t\t\t<div class=\"elementor-element elementor-element-56dce56 elementor-widget elementor-widget-shortcode\" data-id=\"56dce56\" data-element_type=\"widget\" data-widget_type=\"shortcode.default\">\n\t\t\t\t\t\t\t<div class=\"elementor-shortcode\"><div class=\"display__grid three__column\">\t\t\t            <a href=\"https:\/\/wymber.fr\/index.php\/2025\/12\/01\/lingenierie-logicielle-au-service-de-votre-performance-digitale\/\" class=\"item__article item_grid\">\n\t\t\t\t<div class=\"img__article\">\n\t\t\t\t\t<img decoding=\"async\" src=\"https:\/\/wymber.fr\/wp-content\/uploads\/2025\/12\/photo-1498050108023-c5249f4df085-470x500.jpg\" alt=\"\">\n\t\t\t\t<\/div>\n\t\t\t\t<p class=\"article__category\">D\u00e9veloppement &amp; Ing\u00e9nierie Logicielle<\/p>\n\t\t\t\t<h4 class=\"article__title\">L\u2019ing\u00e9nierie logicielle au service de votre performance digitale<\/h4>\n\t\t\t\t<p class=\"article__date\">01\/12\/2025<\/p>\n\t\t\t\t<p class=\"link__article\"><i class=\"fas fa-solid fa-arrow-right\"><\/i><\/p>\n            <\/a>\n\t\t\t\t\t            <a href=\"https:\/\/wymber.fr\/index.php\/2025\/12\/01\/liberez-la-puissance-de-vos-donnees-grace-a-la-data-a-lia\/\" class=\"item__article item_grid\">\n\t\t\t\t<div class=\"img__article\">\n\t\t\t\t\t<img decoding=\"async\" src=\"https:\/\/wymber.fr\/wp-content\/uploads\/2025\/12\/photo-1499951360447-b19be8fe80f5-470x500.jpg\" alt=\"\">\n\t\t\t\t<\/div>\n\t\t\t\t<p class=\"article__category\">Data &amp; IA<\/p>\n\t\t\t\t<h4 class=\"article__title\">Lib\u00e9rez la puissance de vos donn\u00e9es gr\u00e2ce \u00e0 la Data &#038; \u00e0 l\u2019IA<\/h4>\n\t\t\t\t<p class=\"article__date\">01\/12\/2025<\/p>\n\t\t\t\t<p class=\"link__article\"><i class=\"fas fa-solid fa-arrow-right\"><\/i><\/p>\n            <\/a>\n\t\t\t\t\t            <a href=\"https:\/\/wymber.fr\/index.php\/2025\/12\/01\/lexperience-utilisateur-catalyseur-dengagement-et-de-conversion\/\" class=\"item__article item_grid\">\n\t\t\t\t<div class=\"img__article\">\n\t\t\t\t\t<img decoding=\"async\" src=\"https:\/\/wymber.fr\/wp-content\/uploads\/2025\/11\/digital-landscape-gettyimages-2169040277-1-470x500.webp\" alt=\"\">\n\t\t\t\t<\/div>\n\t\t\t\t<p class=\"article__category\">UX\/UI &amp; Design digital<\/p>\n\t\t\t\t<h4 class=\"article__title\">L\u2019exp\u00e9rience utilisateur, catalyseur d\u2019engagement et de conversion<\/h4>\n\t\t\t\t<p class=\"article__date\">01\/12\/2025<\/p>\n\t\t\t\t<p class=\"link__article\"><i class=\"fas fa-solid fa-arrow-right\"><\/i><\/p>\n            <\/a>\n\t\t\t\t\t            <a href=\"https:\/\/wymber.fr\/index.php\/2025\/12\/01\/accelerez-et-securisez-vos-deploiements-grace-au-cloud-devops\/\" class=\"item__article item_grid\">\n\t\t\t\t<div class=\"img__article\">\n\t\t\t\t\t<img decoding=\"async\" src=\"https:\/\/wymber.fr\/wp-content\/uploads\/2025\/12\/photo-1550751827-4bd374c3f58b-470x500.jpg\" alt=\"\">\n\t\t\t\t<\/div>\n\t\t\t\t<p class=\"article__category\">Cloud &amp; DevOps<\/p>\n\t\t\t\t<h4 class=\"article__title\">Acc\u00e9l\u00e9rez et s\u00e9curisez vos d\u00e9ploiements gr\u00e2ce au Cloud &#038; DevOps<\/h4>\n\t\t\t\t<p class=\"article__date\">01\/12\/2025<\/p>\n\t\t\t\t<p class=\"link__article\"><i class=\"fas fa-solid fa-arrow-right\"><\/i><\/p>\n            <\/a>\n\t\t\t\t\t            <a href=\"https:\/\/wymber.fr\/index.php\/2025\/11\/30\/garantir-la-qualite-logicielle-grace-a-des-strategies-qa-innovantes\/\" class=\"item__article item_grid\">\n\t\t\t\t<div class=\"img__article\">\n\t\t\t\t\t<img decoding=\"async\" src=\"https:\/\/wymber.fr\/wp-content\/uploads\/2025\/11\/photo-1493663284031-b7e3aefcae8e-470x500.jpg\" alt=\"\">\n\t\t\t\t<\/div>\n\t\t\t\t<p class=\"article__category\">QA &amp; Test Automation<\/p>\n\t\t\t\t<h4 class=\"article__title\">Garantir la qualit\u00e9 logicielle gr\u00e2ce \u00e0 des strat\u00e9gies QA innovantes<\/h4>\n\t\t\t\t<p class=\"article__date\">30\/11\/2025<\/p>\n\t\t\t\t<p class=\"link__article\"><i class=\"fas fa-solid fa-arrow-right\"><\/i><\/p>\n            <\/a>\n\t\t\t\t\t            <a href=\"https:\/\/wymber.fr\/index.php\/2025\/11\/30\/piloter-votre-croissance-digitale-grace-a-lanalytics-au-seo\/\" class=\"item__article item_grid\">\n\t\t\t\t<div class=\"img__article\">\n\t\t\t\t\t<img decoding=\"async\" src=\"https:\/\/wymber.fr\/wp-content\/uploads\/2025\/11\/photo-1542744173-05336fcc7ad4-470x500.jpg\" alt=\"\">\n\t\t\t\t<\/div>\n\t\t\t\t<p class=\"article__category\">Web Analytics &amp; SEO<\/p>\n\t\t\t\t<h4 class=\"article__title\">Piloter votre croissance digitale gr\u00e2ce \u00e0 l\u2019Analytics &#038; au SEO<\/h4>\n\t\t\t\t<p class=\"article__date\">30\/11\/2025<\/p>\n\t\t\t\t<p class=\"link__article\"><i class=\"fas fa-solid fa-arrow-right\"><\/i><\/p>\n            <\/a>\n\t\t<\/div><div class=\"articles__paginate paginate__component\"><\/div><\/div>\n\t\t\t\t\t\t<\/div>\n\t\t\t\t\t<\/div>\n\t\t\t\t<\/div>\n\t\t\t\t<\/div>\n\t\t","protected":false},"excerpt":{"rendered":"D\u00e9couvrez nos articles s\u00e9lectionn\u00e9s pour vous apporter des informations utiles, des conseils pratiques et des analyses pertinentes. Cette page regroupe l\u2019ensemble de nos contenus afin de vous accompagner et de vous tenir inform\u00e9 des derni\u00e8res actualit\u00e9s et tendances.","protected":false},"author":1,"featured_media":0,"parent":0,"menu_order":0,"comment_status":"closed","ping_status":"closed","template":"","meta":[],"class_list":["post-84","page","type-page","status-publish","hentry"],"_links":{"self":[{"href":"https:\/\/wymber.fr\/index.php\/wp-json\/wp\/v2\/pages\/84","targetHints":{"allow":["GET"]}}],"collection":[{"href":"https:\/\/wymber.fr\/index.php\/wp-json\/wp\/v2\/pages"}],"about":[{"href":"https:\/\/wymber.fr\/index.php\/wp-json\/wp\/v2\/types\/page"}],"author":[{"embeddable":true,"href":"https:\/\/wymber.fr\/index.php\/wp-json\/wp\/v2\/users\/1"}],"replies":[{"embeddable":true,"href":"https:\/\/wymber.fr\/index.php\/wp-json\/wp\/v2\/comments?post=84"}],"version-history":[{"count":27,"href":"https:\/\/wymber.fr\/index.php\/wp-json\/wp\/v2\/pages\/84\/revisions"}],"predecessor-version":[{"id":631,"href":"https:\/\/wymber.fr\/index.php\/wp-json\/wp\/v2\/pages\/84\/revisions\/631"}],"wp:attachment":[{"href":"https:\/\/wymber.fr\/index.php\/wp-json\/wp\/v2\/media?parent=84"}],"curies":[{"name":"wp","href":"https:\/\/api.w.org\/{rel}","templated":true}]}}