{"id":95,"date":"2025-11-27T23:41:14","date_gmt":"2025-11-27T22:41:14","guid":{"rendered":"http:\/\/localhost:8888\/wymber-dynamoque\/?page_id=95"},"modified":"2026-01-22T15:49:36","modified_gmt":"2026-01-22T14:49:36","slug":"accueil","status":"publish","type":"page","link":"https:\/\/wymber.fr\/","title":{"rendered":"Accueil"},"content":{"rendered":"\t\t<div data-elementor-type=\"wp-page\" data-elementor-id=\"95\" class=\"elementor elementor-95\">\n\t\t\t\t<div class=\"elementor-element elementor-element-8425fdf e-con-full e-flex e-con e-parent\" data-id=\"8425fdf\" data-element_type=\"container\">\n\t\t\t\t<div class=\"elementor-element elementor-element-1386623 elementor-widget elementor-widget-shortcode\" data-id=\"1386623\" data-element_type=\"widget\" data-widget_type=\"shortcode.default\">\n\t\t\t\t\t\t\t<div class=\"elementor-shortcode\">\n<section class=\"section hero\">\n\t<div class=\"hero-carousel\">\n\t\t<div class=\"carousel-track\">\n\t\t\t\t\t\t\t\t\t\t<div class=\"carousel-slide\" style=\"background-image:url('https:\/\/wymber.fr\/wp-content\/uploads\/2025\/11\/pexels-photo-3184465-1400x580.jpeg');\">\n\t\t\t\t\t<div class=\"carousel-overlay\"><\/div>\n\t\t\t\t\t<div class=\"carousel-content\">\n\t\t\t\t\t\t<h1>Construisons ensemble le paysage technologique de demain<\/h1>\n\t\t\t\t\t\t<p class=\"lead\">Ensemble, acc\u00e9l\u00e9rons vos projets digitaux avec des experts IT certifi\u00e9s \u2014 staffing, offshore & formations digitales.<\/p>\n\t\t\t\t\t\t<a href=\"https:\/\/wymber.fr\/index.php\/nos-expertises\/\" class=\"btn btn-primary\">Voir nos missions<\/a>\n\t\t\t\t\t<\/div>\n\t\t\t\t<\/div>\n\t\t\t\t\t\t\t\t\t\t<div class=\"carousel-slide\" style=\"background-image:url('https:\/\/wymber.fr\/wp-content\/uploads\/2025\/11\/photo-1555066931-4365d14bab8c.avif');\">\n\t\t\t\t\t<div class=\"carousel-overlay\"><\/div>\n\t\t\t\t\t<div class=\"carousel-content\">\n\t\t\t\t\t\t<h1>Trouvez les talents qui feront grandir votre entreprise<\/h1>\n\t\t\t\t\t\t<p class=\"lead\">Nous recrutons pour simplifier vos projets et r\u00e9pondre \u00e0 vos besoins en expertise tech.<\/p>\n\t\t\t\t\t\t<a href=\"https:\/\/wymber.fr\/index.php\/offres-demploi\/\" class=\"btn btn-primary\">Espace entreprise<\/a>\n\t\t\t\t\t<\/div>\n\t\t\t\t<\/div>\n\t\t\t\t\t\t\t\t\t\t<div class=\"carousel-slide\" style=\"background-image:url('https:\/\/wymber.fr\/wp-content\/uploads\/2025\/11\/pexels-photo-3183197-1400x580.jpeg');\">\n\t\t\t\t\t<div class=\"carousel-overlay\"><\/div>\n\t\t\t\t\t<div class=\"carousel-content\">\n\t\t\t\t\t\t<h1>Chaque projet, une source d\u2019apprentissage et d\u2019inspiration<\/h1>\n\t\t\t\t\t\t<p class=\"lead\">D\u00e9veloppez votre carri\u00e8re avec des missions stimulantes et enrichissantes partout o\u00f9 vous allez.<\/p>\n\t\t\t\t\t\t<a href=\"https:\/\/wymber.fr\/index.php\/recrutement\/\" class=\"btn btn-primary\">Postuler<\/a>\n\t\t\t\t\t<\/div>\n\t\t\t\t<\/div>\n\t\t\t\t\t\t\t\t\t\t<div class=\"carousel-slide\" style=\"background-image:url('https:\/\/wymber.fr\/wp-content\/uploads\/2025\/12\/pexels-photo-3184291-1400x580.jpeg');\">\n\t\t\t\t\t<div class=\"carousel-overlay\"><\/div>\n\t\t\t\t\t<div class=\"carousel-content\">\n\t\t\t\t\t\t<h1>Chez Wymber, nous construisons des \u00e9quipes, pas seulement des profils<\/h1>\n\t\t\t\t\t\t<p class=\"lead\">Notre engagement est de cr\u00e9er des collaborations durables et performantes pour vos d\u00e9fis tech.<\/p>\n\t\t\t\t\t\t<a href=\"https:\/\/wymber.fr\/index.php\/a-propos\/\" class=\"btn btn-primary\">En savoir plus<\/a>\n\t\t\t\t\t<\/div>\n\t\t\t\t<\/div>\n\t\t\t\t\t<\/div>\n\n\t\t<div class=\"carousel-controls\">\n\t\t\t<button class=\"carousel-prev\">\u2190<\/button>\n\t\t\t<button class=\"carousel-next\">\u2192<\/button>\n\t\t<\/div>\n\n\t\t<div class=\"carousel-pagination\">\n\t\t\t\t\t\t    <button class=\"dot\" type=\"button\" aria-label=\"Slide 1\"><\/button>\n\t\t\t\t\t\t    <button class=\"dot\" type=\"button\" aria-label=\"Slide 2\"><\/button>\n\t\t\t\t\t\t    <button class=\"dot\" type=\"button\" aria-label=\"Slide 3\"><\/button>\n\t\t\t\t\t\t    <button class=\"dot\" type=\"button\" aria-label=\"Slide 4\"><\/button>\n\t\t\t\t\t<\/div>\n\t<\/div>\n<\/section>\n\n<\/div>\n\t\t\t\t\t\t<\/div>\n\t\t\t\t<\/div>\n\t\t<div class=\"elementor-element elementor-element-70aaa2d section section--expertise e-flex e-con-boxed e-con e-parent\" data-id=\"70aaa2d\" data-element_type=\"container\">\n\t\t\t\t\t<div class=\"e-con-inner\">\n\t\t<div class=\"elementor-element elementor-element-b2932f2 container section__container e-con-full e-flex e-con e-child\" data-id=\"b2932f2\" data-element_type=\"container\">\n\t\t\t\t<div class=\"elementor-element elementor-element-5b4c3d3 elementor-widget elementor-widget-text-editor\" data-id=\"5b4c3d3\" data-element_type=\"widget\" data-widget_type=\"text-editor.default\">\n\t\t\t\t\t\t\t\t\t<div class=\"section__header flex flex--between flex--align-center\"><h2 class=\"section__title\">Nos domaines d&rsquo;expertise en recrutement IT<\/h2><p><a class=\"button button--primary\" href=\"https:\/\/wymber.fr\/index.php\/nos-expertises\/\">Nos expertises<\/a><\/p><\/div>\t\t\t\t\t\t\t\t<\/div>\n\t\t\t\t<\/div>\n\t\t<div class=\"elementor-element elementor-element-d423140 e-grid e-con-full grid grid--3 listing__grid e-con e-child\" data-id=\"d423140\" data-element_type=\"container\" data-settings=\"{&quot;background_background&quot;:&quot;classic&quot;}\">\n\t\t<div class=\"elementor-element elementor-element-b092482 e-con-full card card--overlay flex flex--column e-flex e-con e-child\" data-id=\"b092482\" data-element_type=\"container\" data-settings=\"{&quot;background_background&quot;:&quot;classic&quot;}\">\n\t\t\t\t<div class=\"elementor-element elementor-element-def6541 card__image elementor-widget elementor-widget-image\" data-id=\"def6541\" data-element_type=\"widget\" data-widget_type=\"image.default\">\n\t\t\t\t\t\t\t\t\t\t\t\t\t\t\t<img fetchpriority=\"high\" decoding=\"async\" width=\"683\" height=\"1024\" src=\"https:\/\/wymber.fr\/wp-content\/uploads\/2025\/12\/pexels-photo-3861964-683x1024.jpg\" class=\"attachment-large size-large wp-image-492\" alt=\"\" srcset=\"https:\/\/wymber.fr\/wp-content\/uploads\/2025\/12\/pexels-photo-3861964-683x1024.jpg 683w, https:\/\/wymber.fr\/wp-content\/uploads\/2025\/12\/pexels-photo-3861964-200x300.jpg 200w, https:\/\/wymber.fr\/wp-content\/uploads\/2025\/12\/pexels-photo-3861964-768x1151.jpg 768w, https:\/\/wymber.fr\/wp-content\/uploads\/2025\/12\/pexels-photo-3861964.jpg 1000w\" sizes=\"(max-width: 683px) 100vw, 683px\" \/>\t\t\t\t\t\t\t\t\t\t\t\t\t\t\t<\/div>\n\t\t<div class=\"elementor-element elementor-element-b59ca12 e-con-full card__body card__body--float flex flex--column card__body--small e-flex e-con e-child\" data-id=\"b59ca12\" data-element_type=\"container\">\n\t\t\t\t<div class=\"elementor-element elementor-element-7cb596a elementor-widget elementor-widget-heading\" data-id=\"7cb596a\" data-element_type=\"widget\" data-widget_type=\"heading.default\">\n\t\t\t\t\t<h3 class=\"elementor-heading-title elementor-size-default\">Data &amp; Intelligence Artificielle<\/h3>\t\t\t\t<\/div>\n\t\t\t\t<\/div>\n\t\t\t\t<\/div>\n\t\t<div class=\"elementor-element elementor-element-66df87f e-con-full card card--overlay flex flex--column e-flex e-con e-child\" data-id=\"66df87f\" data-element_type=\"container\" data-settings=\"{&quot;background_background&quot;:&quot;classic&quot;}\">\n\t\t\t\t<div class=\"elementor-element elementor-element-c0bf82e card__image elementor-widget elementor-widget-image\" data-id=\"c0bf82e\" data-element_type=\"widget\" data-widget_type=\"image.default\">\n\t\t\t\t\t\t\t\t\t\t\t\t\t\t\t<img decoding=\"async\" width=\"1000\" height=\"667\" src=\"https:\/\/wymber.fr\/wp-content\/uploads\/2025\/12\/pexels-photo-3861969.jpg\" class=\"attachment-large size-large wp-image-502\" alt=\"\" srcset=\"https:\/\/wymber.fr\/wp-content\/uploads\/2025\/12\/pexels-photo-3861969.jpg 1000w, https:\/\/wymber.fr\/wp-content\/uploads\/2025\/12\/pexels-photo-3861969-300x200.jpg 300w, https:\/\/wymber.fr\/wp-content\/uploads\/2025\/12\/pexels-photo-3861969-768x512.jpg 768w\" sizes=\"(max-width: 1000px) 100vw, 1000px\" \/>\t\t\t\t\t\t\t\t\t\t\t\t\t\t\t<\/div>\n\t\t<div class=\"elementor-element elementor-element-ee06da9 e-con-full card__body card__body--float flex flex--column card__body--small e-flex e-con e-child\" data-id=\"ee06da9\" data-element_type=\"container\">\n\t\t\t\t<div class=\"elementor-element elementor-element-e320fb9 elementor-widget elementor-widget-heading\" data-id=\"e320fb9\" data-element_type=\"widget\" data-widget_type=\"heading.default\">\n\t\t\t\t\t<h3 class=\"elementor-heading-title elementor-size-default\">D\u00e9veloppement &amp; Architecture Logicielle<\/h3>\t\t\t\t<\/div>\n\t\t\t\t<\/div>\n\t\t\t\t<\/div>\n\t\t<div class=\"elementor-element elementor-element-712cade e-con-full card card--overlay flex flex--column e-flex e-con e-child\" data-id=\"712cade\" data-element_type=\"container\" data-settings=\"{&quot;background_background&quot;:&quot;classic&quot;}\">\n\t\t\t\t<div class=\"elementor-element elementor-element-79daeed card__image elementor-widget elementor-widget-image\" data-id=\"79daeed\" data-element_type=\"widget\" data-widget_type=\"image.default\">\n\t\t\t\t\t\t\t\t\t\t\t\t\t\t\t<img decoding=\"async\" width=\"683\" height=\"1024\" src=\"https:\/\/wymber.fr\/wp-content\/uploads\/2025\/12\/pexels-photo-3184431-683x1024.jpg\" class=\"attachment-large size-large wp-image-504\" alt=\"\" srcset=\"https:\/\/wymber.fr\/wp-content\/uploads\/2025\/12\/pexels-photo-3184431-683x1024.jpg 683w, https:\/\/wymber.fr\/wp-content\/uploads\/2025\/12\/pexels-photo-3184431-200x300.jpg 200w, https:\/\/wymber.fr\/wp-content\/uploads\/2025\/12\/pexels-photo-3184431-768x1151.jpg 768w, https:\/\/wymber.fr\/wp-content\/uploads\/2025\/12\/pexels-photo-3184431.jpg 1000w\" sizes=\"(max-width: 683px) 100vw, 683px\" \/>\t\t\t\t\t\t\t\t\t\t\t\t\t\t\t<\/div>\n\t\t<div class=\"elementor-element elementor-element-7c9c52e e-con-full card__body card__body--float flex flex--column card__body--small e-flex e-con e-child\" data-id=\"7c9c52e\" data-element_type=\"container\">\n\t\t\t\t<div class=\"elementor-element elementor-element-af9ca35 elementor-widget elementor-widget-heading\" data-id=\"af9ca35\" data-element_type=\"widget\" data-widget_type=\"heading.default\">\n\t\t\t\t\t<h3 class=\"elementor-heading-title elementor-size-default\">Product &amp; Transformation Digitale<\/h3>\t\t\t\t<\/div>\n\t\t\t\t<\/div>\n\t\t\t\t<\/div>\n\t\t\t\t<\/div>\n\t\t\t\t\t<\/div>\n\t\t\t\t<\/div>\n\t\t<div class=\"elementor-element elementor-element-0cfb622 w-full py-20 bg-gray-50 latest-article section__display e-flex e-con-boxed e-con e-parent\" data-id=\"0cfb622\" data-element_type=\"container\" data-settings=\"{&quot;background_background&quot;:&quot;classic&quot;}\">\n\t\t\t\t\t<div class=\"e-con-inner\">\n\t\t<div class=\"elementor-element elementor-element-d8aff0f e-con-full max-w-7xl mx-auto px-6 e-flex e-con e-child\" data-id=\"d8aff0f\" data-element_type=\"container\">\n\t\t<div class=\"elementor-element elementor-element-fe3a5d7 e-grid e-con-full e-con e-child\" data-id=\"fe3a5d7\" data-element_type=\"container\">\n\t\t\t\t<div class=\"elementor-element elementor-element-7c8e761 elementor-widget elementor-widget-heading\" data-id=\"7c8e761\" data-element_type=\"widget\" data-widget_type=\"heading.default\">\n\t\t\t\t\t<h2 class=\"elementor-heading-title elementor-size-default\">Articles<\/h2>\t\t\t\t<\/div>\n\t\t\t\t<div class=\"elementor-element elementor-element-72dfe90 elementor-align-right elementor-widget elementor-widget-button\" data-id=\"72dfe90\" data-element_type=\"widget\" data-widget_type=\"button.default\">\n\t\t\t\t\t\t\t\t\t\t<a class=\"elementor-button elementor-button-link elementor-size-sm\" href=\"https:\/\/wymber.fr\/index.php\/articles\/\">\n\t\t\t\t\t\t<span class=\"elementor-button-content-wrapper\">\n\t\t\t\t\t\t\t\t\t<span class=\"elementor-button-text\">Voir tous les articles<\/span>\n\t\t\t\t\t<\/span>\n\t\t\t\t\t<\/a>\n\t\t\t\t\t\t\t\t<\/div>\n\t\t\t\t<\/div>\n\t\t\t\t<div class=\"elementor-element elementor-element-5255f24 elementor-widget elementor-widget-shortcode\" data-id=\"5255f24\" data-element_type=\"widget\" data-widget_type=\"shortcode.default\">\n\t\t\t\t\t\t\t<div class=\"elementor-shortcode\"><div class=\"display__grid three__column\">                 <a href=\"https:\/\/wymber.fr\/index.php\/2025\/12\/01\/lingenierie-logicielle-au-service-de-votre-performance-digitale\/\" class=\"article-card group block\">\n            <div class=\"overflow-hidden rounded-xl mb-4 h-56 relative\">\n                <img decoding=\"async\" src=\"https:\/\/wymber.fr\/wp-content\/uploads\/2025\/12\/photo-1498050108023-c5249f4df085-470x500.jpg\" alt=\"L\u2019ing\u00e9nierie logicielle au service de votre performance digitale\" class=\"article-image w-full h-full object-cover\">\n            <\/div>\n            <span class=\"text-[#0099FF] text-xs font-medium uppercase tracking-wider mb-2 block\">D\u00e9veloppement &amp; Ing\u00e9nierie Logicielle<\/span>\n            <h3 class=\"text-xl font-medium text-gray-900 leading-snug group-hover:text-[#0099FF] transition-colors\">\n                L\u2019ing\u00e9nierie logicielle au service de votre performance digitale            <\/h3>\n            <p class=\"text-gray-500 text-xs \">01\/12\/2025<\/p>\n            <div class=\"flex items-center text-[#0099FF] arrow-icon\">\n                <i data-lucide=\"arrow-right\" class=\"w-5 h-5\"><\/i>\n            <\/div>\n        <\/a>\n                         <a href=\"https:\/\/wymber.fr\/index.php\/2025\/12\/01\/liberez-la-puissance-de-vos-donnees-grace-a-la-data-a-lia\/\" class=\"article-card group block\">\n            <div class=\"overflow-hidden rounded-xl mb-4 h-56 relative\">\n                <img decoding=\"async\" src=\"https:\/\/wymber.fr\/wp-content\/uploads\/2025\/12\/photo-1499951360447-b19be8fe80f5-470x500.jpg\" alt=\"Lib\u00e9rez la puissance de vos donn\u00e9es gr\u00e2ce \u00e0 la Data &#038; \u00e0 l\u2019IA\" class=\"article-image w-full h-full object-cover\">\n            <\/div>\n            <span class=\"text-[#0099FF] text-xs font-medium uppercase tracking-wider mb-2 block\">Data &amp; IA<\/span>\n            <h3 class=\"text-xl font-medium text-gray-900 leading-snug group-hover:text-[#0099FF] transition-colors\">\n                Lib\u00e9rez la puissance de vos donn\u00e9es gr\u00e2ce \u00e0 la Data &#038; \u00e0 l\u2019IA            <\/h3>\n            <p class=\"text-gray-500 text-xs \">01\/12\/2025<\/p>\n            <div class=\"flex items-center text-[#0099FF] arrow-icon\">\n                <i data-lucide=\"arrow-right\" class=\"w-5 h-5\"><\/i>\n            <\/div>\n        <\/a>\n                         <a href=\"https:\/\/wymber.fr\/index.php\/2025\/12\/01\/lexperience-utilisateur-catalyseur-dengagement-et-de-conversion\/\" class=\"article-card group block\">\n            <div class=\"overflow-hidden rounded-xl mb-4 h-56 relative\">\n                <img decoding=\"async\" src=\"https:\/\/wymber.fr\/wp-content\/uploads\/2025\/11\/digital-landscape-gettyimages-2169040277-1-470x500.webp\" alt=\"L\u2019exp\u00e9rience utilisateur, catalyseur d\u2019engagement et de conversion\" class=\"article-image w-full h-full object-cover\">\n            <\/div>\n            <span class=\"text-[#0099FF] text-xs font-medium uppercase tracking-wider mb-2 block\">UX\/UI &amp; Design digital<\/span>\n            <h3 class=\"text-xl font-medium text-gray-900 leading-snug group-hover:text-[#0099FF] transition-colors\">\n                L\u2019exp\u00e9rience utilisateur, catalyseur d\u2019engagement et de conversion            <\/h3>\n            <p class=\"text-gray-500 text-xs \">01\/12\/2025<\/p>\n            <div class=\"flex items-center text-[#0099FF] arrow-icon\">\n                <i data-lucide=\"arrow-right\" class=\"w-5 h-5\"><\/i>\n            <\/div>\n        <\/a>\n        <\/div><\/div>\n\t\t\t\t\t\t<\/div>\n\t\t\t\t<\/div>\n\t\t\t\t\t<\/div>\n\t\t\t\t<\/div>\n\t\t<div class=\"elementor-element elementor-element-37898ef container section__container e-flex e-con-boxed e-con e-parent\" data-id=\"37898ef\" data-element_type=\"container\">\n\t\t\t\t\t<div class=\"e-con-inner\">\n\t\t<div class=\"elementor-element elementor-element-39e0492 e-con-full container section__container e-flex e-con e-child\" data-id=\"39e0492\" data-element_type=\"container\">\n\t\t<div class=\"elementor-element elementor-element-9835d24 e-grid e-con-full e-con e-child\" data-id=\"9835d24\" data-element_type=\"container\">\n\t\t<div class=\"elementor-element elementor-element-71d5fd1 e-con-full about-us__title e-flex e-con e-child\" data-id=\"71d5fd1\" data-element_type=\"container\">\n\t\t\t\t<div class=\"elementor-element elementor-element-1fd081f elementor-widget elementor-widget-heading\" data-id=\"1fd081f\" data-element_type=\"widget\" data-widget_type=\"heading.default\">\n\t\t\t\t\t<h2 class=\"elementor-heading-title elementor-size-default\">Notre expertise, votre succ\u00e8s<\/h2>\t\t\t\t<\/div>\n\t\t\t\t<\/div>\n\t\t<div class=\"elementor-element elementor-element-f7ea1ad e-con-full about-us__content e-flex e-con e-child\" data-id=\"f7ea1ad\" data-element_type=\"container\">\n\t\t\t\t<div class=\"elementor-element elementor-element-4a6cfd4 elementor-widget elementor-widget-text-editor\" data-id=\"4a6cfd4\" data-element_type=\"widget\" data-widget_type=\"text-editor.default\">\n\t\t\t\t\t\t\t\t\t<p>Chez <strong><b>Wymber<\/b><\/strong>, nous connectons les experts IT et les organisations ambitieuses qui souhaitent transformer leur paysage digital.<br \/>Nous sommes plus qu\u2019un cabinet de staffing : un partenaire engag\u00e9 dans la r\u00e9ussite des projets technologiques, du recrutement \u00e0 la mont\u00e9e en comp\u00e9tences.<\/p><p>Notre mission est simple : rendre l\u2019acc\u00e8s au talent et \u00e0 l\u2019expertise plus fluide, transparent et humain.<br \/>Qu\u2019il s\u2019agisse de renforcer une \u00e9quipe, externaliser un projet, ou acc\u00e9l\u00e9rer une transformation digitale, nous mettons \u00e0 disposition un r\u00e9seau d\u2019experts : d\u00e9veloppeurs, product owners, data engineers, consultants cloud, QA\u2026<\/p><p>Notre conviction : <strong><b>le succ\u00e8s des entreprises passe par des talents heureux, accompagn\u00e9s et reconnus.<\/b><\/strong><\/p>\t\t\t\t\t\t\t\t<\/div>\n\t\t\t\t<div class=\"elementor-element elementor-element-de39461 elementor-widget elementor-widget-button\" data-id=\"de39461\" data-element_type=\"widget\" data-widget_type=\"button.default\">\n\t\t\t\t\t\t\t\t\t\t<a class=\"elementor-button elementor-button-link elementor-size-sm\" href=\"https:\/\/wymber.fr\/index.php\/a-propos\/\">\n\t\t\t\t\t\t<span class=\"elementor-button-content-wrapper\">\n\t\t\t\t\t\t\t\t\t<span class=\"elementor-button-text\">Nous conna\u00eetre<\/span>\n\t\t\t\t\t<\/span>\n\t\t\t\t\t<\/a>\n\t\t\t\t\t\t\t\t<\/div>\n\t\t\t\t<\/div>\n\t\t\t\t<\/div>\n\t\t\t\t<\/div>\n\t\t\t\t\t<\/div>\n\t\t\t\t<\/div>\n\t\t<div class=\"elementor-element elementor-element-0ec3de7 section section--condidat-double e-flex e-con-boxed e-con e-parent\" data-id=\"0ec3de7\" data-element_type=\"container\" data-settings=\"{&quot;background_background&quot;:&quot;classic&quot;}\">\n\t\t\t\t\t<div class=\"e-con-inner\">\n\t\t<div class=\"elementor-element elementor-element-c97eb4a e-grid e-con-full cta__grid e-con e-child\" data-id=\"c97eb4a\" data-element_type=\"container\">\n\t\t\t\t<div class=\"elementor-element elementor-element-8986e7f elementor-widget elementor-widget-heading\" data-id=\"8986e7f\" data-element_type=\"widget\" data-widget_type=\"heading.default\">\n\t\t\t\t\t<h2 class=\"elementor-heading-title elementor-size-default\">Prochaine \u00e9tape<\/h2>\t\t\t\t<\/div>\n\t\t\t\t<div class=\"elementor-element elementor-element-fbcae55 elementor-widget elementor-widget-html\" data-id=\"fbcae55\" data-element_type=\"widget\" data-widget_type=\"html.default\">\n\t\t\t\t\t<div class=\"cta__col relative flex flex--column\"><div class=\"cta__content flex flex--column flex--1\"><h3 class=\"cta__title h4\">L'heure est venue de relever un nouveau d\u00e9fi ?<\/h3><p>D\u00e9marrez une nouvelle aventure passionnante et \u00e9panouissante, en CDI ou en freelance.<\/p><div class=\"cta__buttons margin--top--auto\"><a class=\"button cta__button button--arrow button--secondary\" href=\".\/index.php\/offres-demploi\">Trouver une mission<\/a><\/div><\/div><\/div>\t\t\t\t<\/div>\n\t\t\t\t<div class=\"elementor-element elementor-element-a6be22b elementor-widget elementor-widget-html\" data-id=\"a6be22b\" data-element_type=\"widget\" data-widget_type=\"html.default\">\n\t\t\t\t\t<div class=\"cta__col relative flex flex--column\"><div class=\"cta__content flex flex--column flex--1\"><h3 class=\"cta__title h4\">Pas encore pr\u00eat \u00e0 vous lancer ?<\/h3><p>Envoyez-nous votre CV, et lorsque vous serez pr\u00eat, nous serons l\u00e0 pour vous accompagner dans votre recherche.<\/p><div class=\"cta__buttons margin--top--auto\"><a class=\"button cta__button button--arrow button--secondary\" href=\".\/index.php\/recrutement\/\">T\u00e9l\u00e9chargez votre CV<\/a><\/div><\/div><\/div>\t\t\t\t<\/div>\n\t\t\t\t<\/div>\n\t\t\t\t\t<\/div>\n\t\t\t\t<\/div>\n\t\t<div class=\"elementor-element elementor-element-2aa6f0e section section--cta-double e-flex e-con-boxed e-con e-parent\" data-id=\"2aa6f0e\" data-element_type=\"container\">\n\t\t\t\t\t<div class=\"e-con-inner\">\n\t\t<div class=\"elementor-element elementor-element-54d16c0 e-grid e-con-full grid grid--2 tablet--1 cta__grid e-con e-child\" data-id=\"54d16c0\" data-element_type=\"container\">\n\t\t\t\t<div class=\"elementor-element elementor-element-dfbc45b elementor-widget elementor-widget-text-editor\" data-id=\"dfbc45b\" data-element_type=\"widget\" data-widget_type=\"text-editor.default\">\n\t\t\t\t\t\t\t\t\t<div class=\"cta__col relative flex flex--column\"><div class=\"cta__content flex flex--column flex--1\"><h3 class=\"cta__title h4\">A la recherche d&rsquo;un emploi ?<\/h3><p>On peut vous accompagner \u2013 recherchez et postulez en ligne aujourd&rsquo;hui !<\/p><div class=\"cta__buttons margin--top--auto\"><a class=\"button cta__button button--arrow button--secondary\" href=\"https:\/\/wymber.fr\/index.php\/offres-demploi\/\">Trouver un emploi<\/a><\/div><\/div><\/div>\t\t\t\t\t\t\t\t<\/div>\n\t\t\t\t<div class=\"elementor-element elementor-element-19d92ba elementor-widget elementor-widget-text-editor\" data-id=\"19d92ba\" data-element_type=\"widget\" data-widget_type=\"text-editor.default\">\n\t\t\t\t\t\t\t\t\t<div class=\"cta__col relative flex flex--column\"><div class=\"cta__content flex flex--column flex--1\"><h3 class=\"cta__title h4\">A la recherche d&rsquo;un talent ?<\/h3><p>Discutons-en \u2013 nous pouvons vous aider !<\/p><div class=\"cta__buttons margin--top--auto\"><a class=\"button cta__button button--arrow button--secondary\" href=\"https:\/\/wymber.fr\/index.php\/nous-contacter\/\">Nous contacter<\/a><\/div><\/div><\/div>\t\t\t\t\t\t\t\t<\/div>\n\t\t\t\t<\/div>\n\t\t\t\t\t<\/div>\n\t\t\t\t<\/div>\n\t\t\t\t<\/div>\n\t\t","protected":false},"excerpt":{"rendered":"Nos domaines d&rsquo;expertise en recrutement ITNos expertises Data &amp; Intelligence Artificielle D\u00e9veloppement &amp; Architecture Logicielle Product &amp; Transformation Digitale Articles Voir tous les articles Notre expertise, votre succ\u00e8s Chez Wymber, nous connectons les experts IT et les organisations ambitieuses qui souhaitent transformer leur paysage digital.Nous sommes plus qu\u2019un cabinet de staffing : un partenaire engag\u00e9 [&hellip;]","protected":false},"author":1,"featured_media":0,"parent":0,"menu_order":0,"comment_status":"closed","ping_status":"closed","template":"homePage.php","meta":[],"class_list":["post-95","page","type-page","status-publish","hentry"],"_links":{"self":[{"href":"https:\/\/wymber.fr\/index.php\/wp-json\/wp\/v2\/pages\/95","targetHints":{"allow":["GET"]}}],"collection":[{"href":"https:\/\/wymber.fr\/index.php\/wp-json\/wp\/v2\/pages"}],"about":[{"href":"https:\/\/wymber.fr\/index.php\/wp-json\/wp\/v2\/types\/page"}],"author":[{"embeddable":true,"href":"https:\/\/wymber.fr\/index.php\/wp-json\/wp\/v2\/users\/1"}],"replies":[{"embeddable":true,"href":"https:\/\/wymber.fr\/index.php\/wp-json\/wp\/v2\/comments?post=95"}],"version-history":[{"count":165,"href":"https:\/\/wymber.fr\/index.php\/wp-json\/wp\/v2\/pages\/95\/revisions"}],"predecessor-version":[{"id":732,"href":"https:\/\/wymber.fr\/index.php\/wp-json\/wp\/v2\/pages\/95\/revisions\/732"}],"wp:attachment":[{"href":"https:\/\/wymber.fr\/index.php\/wp-json\/wp\/v2\/media?parent=95"}],"curies":[{"name":"wp","href":"https:\/\/api.w.org\/{rel}","templated":true}]}}